{"id":25515,"date":"2021-01-26T09:31:18","date_gmt":"2021-01-26T09:31:18","guid":{"rendered":"https:\/\/www.universalsleeve.com\/?page_id=25515"},"modified":"2022-06-02T09:01:43","modified_gmt":"2022-06-02T09:01:43","slug":"envases-sostenibles","status":"publish","type":"page","link":"https:\/\/www.universalsleeve.com\/fr\/envases-sostenibles\/","title":{"rendered":"EMBALLAGE DURABLE"},"content":{"rendered":"<div class=\"wpb-content-wrapper\"><p>[vc_row][vc_column][vc_single_image image=\u00a0\u00bb25534&Prime;]<h2 class=\"boc_heading no_text_transform center  boc_animate_when_almost_visible boc_top-to-bottom\"  style=\"margin-bottom: 20px;margin-top: 0px;color: #dd3333;font-size: 42px;\"><span><strong>EMBALLAGE DURABLE<\/strong><\/span><\/h2>[\/vc_column][\/vc_row][vc_row css=\u00a0\u00bb.vc_custom_1611653694821{margin-bottom: 80px !important;}\u00a0\u00bb][vc_column width=\u00a0\u00bb1\/2&Prime;][vc_column_text]Universal Sleeve s&rsquo;engage pour l&rsquo;innovation et le respect de l&rsquo;environnement<br \/>\nNous avons une gamme d&#8217;emballages durables ou respectueux de l&rsquo;environnement qui r\u00e9duit l&#8217;empreinte carbone, ce qui rend l&rsquo;impact minimal.<\/p>\n<p>Utiliser des emballages durables en plus des avantages pour l&rsquo;environnement pr\u00e9sente de nombreux avantages pour les entreprises.<\/p>\n<p>1- Am\u00e9liorer le positionnement de la marque. Dites \u00e0 vos clients que votre entreprise est \u00e0 la pointe de l&rsquo;innovation et de la responsabilit\u00e9 sociale. L&rsquo;utilisation d&#8217;emballages durables parle bien de votre marque et cr\u00e9e de l&#8217;empathie avec vos utilisateurs. Utiliser des emballages durables est un gage de qualit\u00e9 pour votre marque, c&rsquo;est une d\u00e9claration d&rsquo;intention \u00e0 part enti\u00e8re.<\/p>\n<p>2- Montrez votre produit comme respectueux de l&rsquo;environnement. Il est d\u00e9j\u00e0 courant pour les gens d&rsquo;opter pour un produit qui prend soin de l&rsquo;environnement non seulement dans le contenu, mais aussi dans l&#8217;emballage. L&#8217;emballage ECO Friendly peut \u00eatre un plus pour attirer de nouveaux clients.[\/vc_column_text][\/vc_column][vc_column width=\u00a0\u00bb1\/2&Prime;][vc_column_text]<strong>Nous avons deux types d&#8217;emballages \u00e9cologiques<\/strong><\/p>\n<p>Recyclable: des plastiques qui ont le potentiel d&rsquo;\u00eatre transform\u00e9s pour une dur\u00e9e de vie plus longue<\/p>\n<p>Compostables: Un contenant compostable est biod\u00e9gradable, mais il se compose \u00e9galement sans laisser de r\u00e9sidu toxique, ce qui en fait du compost ou du compost.<br \/>\nNos contenants compostables sont conformes \u00e0 la norme UNE-EN 13432: 2001<\/p>\n<p>Chez Universal Sleeve, nous proposons une large gamme d&#8217;emballages durables qui peuvent \u00eatre imprim\u00e9s avec la plus haute technologie, offrant un design de haute qualit\u00e9 qui permet au produit d&rsquo;\u00eatre annonc\u00e9 dans tout l&#8217;emballage.<\/p>\n<p>Depuis Universal Sleeve, nous sommes pr\u00eats \u00e0 aider nos clients \u00e0 relever les d\u00e9fis du changement pos\u00e9s par les nouveaux mat\u00e9riaux durables dans le monde de l&#8217;emballage flexible.<\/p>\n<p>Utilisez nos emballages durables comme strat\u00e9gie marketing pour votre entreprise. Cr\u00e9ez une strat\u00e9gie innovante et pionni\u00e8re.[\/vc_column_text][\/vc_column][\/vc_row]<\/p>\n<\/div>","protected":false},"excerpt":{"rendered":"<p>[vc_row][vc_column][vc_single_image image=\u00a0\u00bb25534&Prime;][\/vc_column][\/vc_row][vc_row css=\u00a0\u00bb.vc_custom_1611653694821{margin-bottom: 80px !important;}\u00a0\u00bb][vc_column width=\u00a0\u00bb1\/2&Prime;][vc_column_text]Universal Sleeve s&rsquo;engage pour l&rsquo;innovation et le respect de l&rsquo;environnement Nous avons une gamme d&#8217;emballages durables ou respectueux de l&rsquo;environnement qui r\u00e9duit l&#8217;empreinte carbone, ce qui rend l&rsquo;impact minimal. Utiliser des emballages durables en plus des avantages pour l&rsquo;environnement pr\u00e9sente de nombreux avantages pour les entreprises. 1- Am\u00e9liorer le positionnement de la marque. Dites \u00e0<\/p>\n<div class=\"h10\"><\/div>\n<p><a class=\"more-link2 flat\" href=\"https:\/\/www.universalsleeve.com\/fr\/envases-sostenibles\/\">Read more<\/a><\/p>\n","protected":false},"author":1,"featured_media":0,"parent":0,"menu_order":0,"comment_status":"closed","ping_status":"closed","template":"","meta":{"footnotes":""},"class_list":["post-25515","page","type-page","status-publish","hentry"],"aioseo_notices":[],"_links":{"self":[{"href":"https:\/\/www.universalsleeve.com\/fr\/wp-json\/wp\/v2\/pages\/25515","targetHints":{"allow":["GET"]}}],"collection":[{"href":"https:\/\/www.universalsleeve.com\/fr\/wp-json\/wp\/v2\/pages"}],"about":[{"href":"https:\/\/www.universalsleeve.com\/fr\/wp-json\/wp\/v2\/types\/page"}],"author":[{"embeddable":true,"href":"https:\/\/www.universalsleeve.com\/fr\/wp-json\/wp\/v2\/users\/1"}],"replies":[{"embeddable":true,"href":"https:\/\/www.universalsleeve.com\/fr\/wp-json\/wp\/v2\/comments?post=25515"}],"version-history":[{"count":18,"href":"https:\/\/www.universalsleeve.com\/fr\/wp-json\/wp\/v2\/pages\/25515\/revisions"}],"predecessor-version":[{"id":25537,"href":"https:\/\/www.universalsleeve.com\/fr\/wp-json\/wp\/v2\/pages\/25515\/revisions\/25537"}],"wp:attachment":[{"href":"https:\/\/www.universalsleeve.com\/fr\/wp-json\/wp\/v2\/media?parent=25515"}],"curies":[{"name":"wp","href":"https:\/\/api.w.org\/{rel}","templated":true}]}}