{"id":25359,"date":"2020-10-29T16:58:36","date_gmt":"2020-10-29T15:58:36","guid":{"rendered":"https:\/\/www.universalsleeve.com\/web\/?page_id=25346"},"modified":"2024-11-26T09:21:08","modified_gmt":"2024-11-26T09:21:08","slug":"pagina-de-inicio","status":"publish","type":"page","link":"https:\/\/www.universalsleeve.com\/fr\/","title":{"rendered":"Home Page &#8211; UNIVERSAL SLEEVE"},"content":{"rendered":"<div class=\"wpb-content-wrapper\"><p>[vc_row full_width=\u00a0\u00bbstretch_row\u00a0\u00bb bg_type=\u00a0\u00bbvideo\u00a0\u00bb video_url=\u00a0\u00bbhttps:\/\/www.universalsleeve.com\/wp-content\/uploads\/2020\/11\/PORTADA-SLEEVE-definit.mov\u00a0\u00bb video_opts=\u00a0\u00bbloop,muted\u00a0\u00bb video_poster=\u00a0\u00bb25429&Prime; viewport_vdo=\u00a0\u00bboff\u00a0\u00bb enable_controls=\u00a0\u00bboff\u00a0\u00bb bg_override=\u00a0\u00bbfull\u00a0\u00bb parallax_content=\u00a0\u00bboff\u00a0\u00bb fadeout_row=\u00a0\u00bboff\u00a0\u00bb enable_overlay=\u00a0\u00bbenable_overlay_value\u00a0\u00bb overlay_color=\u00a0\u00bb#000000&Prime; overlay_pattern=\u00a0\u00bb01.png\u00a0\u00bb overlay_pattern_opacity=\u00a0\u00bb0&Prime; seperator_enable=\u00a0\u00bboff\u00a0\u00bb ult_hide_row=\u00a0\u00bboff\u00a0\u00bb css=\u00a0\u00bb.vc_custom_1605167065848{margin-right: 0px !important;margin-bottom: 0px !important;margin-left: 0px !important;border-right-width: 0px !important;border-left-width: 0px !important;padding-top: 500px !important;padding-bottom: 300px !important;}\u00a0\u00bb][vc_column offset=\u00a0\u00bbvc_hidden-sm vc_hidden-xs\u00a0\u00bb][\/vc_column][\/vc_row][vc_row full_width=\u00a0\u00bbstretch_row\u00a0\u00bb bg_type=\u00a0\u00bbbg_color\u00a0\u00bb enable_overlay=\u00a0\u00bboff\u00a0\u00bb seperator_enable=\u00a0\u00bboff\u00a0\u00bb el_class=\u00a0\u00bbwhite_text\u00a0\u00bb css=\u00a0\u00bb.vc_custom_1604317500465{margin-bottom: 0px !important;border-bottom-width: 0px !important;padding-top: 0px !important;padding-bottom: 1px !important;}\u00a0\u00bb bg_color_value=\u00a0\u00bb#9b1f2e\u00a0\u00bb][vc_column el_class=\u00a0\u00bbcenter\u00a0\u00bb][\/vc_column][\/vc_row][vc_row full_width=\u00a0\u00bbstretch_row_content_no_spaces\u00a0\u00bb css=\u00a0\u00bb.vc_custom_1591963150978{margin-bottom: 40px !important;border-bottom-width: 1px !important;padding-top: 40px !important;padding-bottom: 40px !important;background-color: #e5e5e5 !important;}\u00a0\u00bb][vc_column]<h1 class=\"boc_heading  center  \"  style=\"margin-bottom: 20px;margin-top: 0px;color: #333333;font-size: 28px;\"><span>Fabricants <strong>d&#8217;emballages SLEEVE<\/strong> <\/span><\/h1>[vc_column_text]<\/p>\n<p style=\"text-align: center;\">Universal Sleeve est une r\u00e9f\u00e9rence nationale dans la fabrication de Sleeves.<\/p>\n<p style=\"text-align: center;\">La soci\u00e9t\u00e9 est form\u00e9e d\u2019une \u00e9quipe humaine engag\u00e9e et dispose des installations les plus avanc\u00e9es pour r\u00e9pondre aux exigences de ses clients.<\/p>\n<p>[\/vc_column_text][\/vc_column][\/vc_row][vc_row full_width=\u00a0\u00bbstretch_row_content\u00a0\u00bb][vc_column width=\u00a0\u00bb1\/3&Prime;]<div class=\"side_icon_box large  \"><span class=\"icon_feat \" style=\"\"><i class=\"icon icon-switch\" style=\"\"><\/i><\/span><h3>SLEEVE ROLL FEED<\/h3><div class=\"side_icon_box_content\">Universal Sleeve est une r\u00e9f\u00e9rence nationale dans la fabrication de Sleeves. Un sp\u00e9cialiste unique dans la fabrication de manchons thermor\u00e9tractables pour de multiples secteurs. L\u2019utilisation des Sleeves permet aux marques et aux fabricants de renforcer leur image tout en amplifiant leur capacit\u00e9 de communication dans leurs produits, avec une qualit\u00e9 et une durabilit\u00e9 sup\u00e9rieure.<\/div><\/div>[\/vc_column][vc_column width=\u00a0\u00bb1\/3&Prime;]<div class=\"side_icon_box large  \"><span class=\"icon_feat \" style=\"\"><i class=\"icon icon-safe\" style=\"\"><\/i><\/span><h3>FLEXIBLE PACKAGING<\/h3><div class=\"side_icon_box_content\">La division FLEX PACK de Universal Sleeve offre une gamme compl\u00e8te d\u2019emballages de type Stand Up ou Doypack \u00e0 partir de mati\u00e8res plastiques lamin\u00e9es. Ce format d\u2019emballage renforce l\u2019image de la marque et amplifie la capacit\u00e9 de communication du produit dans les lin\u00e9aires de vente. Il permet une ouverture facile et rend son stockage et son transport commode et pratique.<\/div><\/div>[\/vc_column][vc_column width=\u00a0\u00bb1\/3&Prime;]<div class=\"side_icon_box large  \"><span class=\"icon_feat \" style=\"\"><i class=\"icon icon-align-center\" style=\"\"><\/i><\/span><h3>TECHNOLOGY AND FACILITIES<\/h3><div class=\"side_icon_box_content\">Universal Sleeve dispose de technologies d\u2019impression en flexographie et h\u00e9liogravure. Les deux lignes de huit corps d\u2019une capacit\u00e9 quotidienne sup\u00e9rieure \u00e0 300 000 m2\/jour, avec finition Sleeve, \u00e9tiquette ou lamin\u00e9 permettent de produire la plus vaste gamme de finitions et de dessins.<\/div><\/div>[\/vc_column][\/vc_row][vc_row full_width=\u00a0\u00bbstretch_row_content_no_spaces\u00a0\u00bb icon_type=\u00a0\u00bbno_icon\u00a0\u00bb icon_size=\u00a0\u00bb32&Prime; icon_style=\u00a0\u00bbnone\u00a0\u00bb icon_color_border=\u00a0\u00bb#333333&Prime; icon_border_size=\u00a0\u00bb1&Prime; icon_border_radius=\u00a0\u00bb500&Prime; icon_border_spacing=\u00a0\u00bb50&Prime; img_width=\u00a0\u00bb48&Prime; css=\u00a0\u00bb.vc_custom_1426435116281{border-top-width: 1px !important;border-bottom-width: 1px !important;border-top-color: #eeeeee !important;border-top-style: solid !important;border-bottom-color: #eeeeee !important;border-bottom-style: solid !important;}\u00a0\u00bb][vc_column width=\u00a0\u00bb1\/2&Prime; css=\u00a0\u00bb.vc_custom_1732612866581{padding-bottom: 667px !important;background-image: url(https:\/\/www.universalsleeve.com\/wp-content\/uploads\/2024\/11\/UniversalSleeve.jpg?id=25694) !important;background-position: center !important;background-repeat: no-repeat !important;background-size: cover !important;}\u00a0\u00bb offset=\u00a0\u00bbvc_hidden-md vc_hidden-sm vc_hidden-xs\u00a0\u00bb el_class=\u00a0\u00bbequal_height_column\u00a0\u00bb][\/vc_column][vc_column el_class=\u00a0\u00bbequal_height_column\u00a0\u00bb offset=\u00a0\u00bbvc_col-lg-6 vc_col-md-12 vc_col-xs-12&Prime; css=\u00a0\u00bb.vc_custom_1592217579329{background-color: #e5e5e5 !important;}\u00a0\u00bb][vc_row_inner][vc_column_inner css=\u00a0\u00bb.vc_custom_1431814027128{padding-top: 8% !important;padding-right: 22% !important;padding-bottom: 7% !important;padding-left: 10% !important;}\u00a0\u00bb]<h2 class=\"boc_heading  al_left  \"  style=\"margin-bottom: 20px;margin-top: 0px;color: #333333;\"><span> Technologie et <strong>services<\/strong><\/span><\/h2><div class=\"boc_divider_holder\"><div class=\"boc_divider  \"  style=\"margin-top: 10px;margin-bottom: 50px;width: 60px;height: 2px;background: #eeeeee;\"><\/div><\/div><div class=\"side_icon_box normal  \"><span class=\"icon_feat \" style=\"\"><i class=\"icon icon-right-arrow\" style=\"\"><\/i><\/span><h3>Sleeve Roll Feed<\/h3><div class=\"side_icon_box_content\">Nous vous conseillons et vous guidons de mani\u00e8re cr\u00e9ative dans le processus de conception et de fabrication de votre SLEEVE.<\/div><\/div><div class=\"boc_spacing \" style=\"height: 5px\"><\/div><div class=\"side_icon_box normal  \"><span class=\"icon_feat \" style=\"\"><i class=\"icon icon-right-arrow\" style=\"\"><\/i><\/span><h3>Flexible packaging<\/h3><div class=\"side_icon_box_content\">Les conteneurs \u00abFlex Pack\u00bb d&rsquo;Universal Sleeve repr\u00e9sentent la solution d\u00e9finitive au besoin d&#8217;emballages en plastique lamin\u00e9.<\/div><\/div><div class=\"boc_spacing \" style=\"height: 5px\"><\/div><div class=\"side_icon_box normal  \"><span class=\"icon_feat \" style=\"\"><i class=\"icon icon-right-arrow\" style=\"\"><\/i><\/span><h3>Conseil<\/h3><div class=\"side_icon_box_content\">Dans ce secteur si sp\u00e9cialis\u00e9 et \u00e0 la pointe de la technologie, nos conseils et notre attention personnalis\u00e9e sont essentiels pour d\u00e9passer les objectifs fix\u00e9s par votre entreprise.<\/div><\/div>[\/vc_column_inner][\/vc_row_inner][\/vc_column][\/vc_row][vc_row][vc_column]<h4 class=\"boc_heading  al_left  \"  style=\"margin-bottom: 20px;margin-top: 0px;color: #333;\"><span>TRAVAUX <strong>R\u00c9CENTS<\/strong><\/span><\/h4>[\/vc_column][\/vc_row][vc_row][vc_column]\n\t\t\t\t<div class=\"info_block\">\n\t\t\t\t\t<div class=\"portfolio_carousel_holder  \">\n\t\t\t\t\t\t<div id=\"portfolio_carousel_9668\" style=\"opacity:0;\">\t<div class=\"info_item  boc_owl_lazy\">\n\t\t\t\t\t\t\t\t\t\t<a href=\"https:\/\/www.universalsleeve.com\/fr\/portfolio_item\/producto-nuevo-6\/\" class=\"pic_info_link_type2\">\n\t\t\t\t\t\t\t\t\t\t\t<div class=\"pic_info type2\">\n\t\t\t\t\t\t\t\t\t\t\t\t<div class=\"pic \"><div class=\"plus_overlay\"><\/div><div class=\"plus_overlay_icon\"><\/div><img loading=\"lazy\" decoding=\"async\" width=\"600\" height=\"380\" src=\"https:\/\/www.universalsleeve.com\/wp-content\/uploads\/2020\/11\/Portfolio-06-600x380.jpg\" class=\"attachment-boc_medium size-boc_medium wp-post-image\" alt=\"\" \/><div class=\"img_overlay_icon\"><span class=\"portfolio_icon icon_camera\"><\/span><\/div><\/div>\n\t\t\t\t\t\t\t\t\t\t\t\t<div class=\"info_overlay\">\n\t\t\t\t\t\t\t\t\t\t\t\t\t<div class=\"info_overlay_padding\">\n\t\t\t\t\t\t\t\t\t\t\t\t\t\t<div class=\"info_desc\">\n\t\t\t\t\t\t\t\t\t\t\t\t\t\t\t<span class=\"portfolio_icon icon_camera\"><\/span>\n\t\t\t\t\t\t\t\t\t\t\t\t\t\t\t<h3>(Espa\u00f1ol) Plastic Free Packaging<\/h3>\n\t\t\t\t\t\t\t\t\t\t\t\t\t\t\t<p>Plastic Free<\/p>\n\t\t\t\t\t\t\t\t\t\t\t\t\t\t<\/div>\n\t\t\t\t\t\t\t\t\t\t\t\t\t<\/div>\n\t\t\t\t\t\t\t\t\t\t\t\t<\/div>\n\t\t\t\t\t\t\t\t\t\t\t<\/div>\n\t\t\t\t\t\t\t\t\t\t<\/a>\n\t\t\t\t\t\t\t\t\t<\/div>\n\t\t\t\t\t\t\t\t\t<div class=\"info_item  boc_owl_lazy\">\n\t\t\t\t\t\t\t\t\t\t<a href=\"https:\/\/www.universalsleeve.com\/fr\/portfolio_item\/producto-nuevo-5\/\" class=\"pic_info_link_type2\">\n\t\t\t\t\t\t\t\t\t\t\t<div class=\"pic_info type2\">\n\t\t\t\t\t\t\t\t\t\t\t\t<div class=\"pic \"><div class=\"plus_overlay\"><\/div><div class=\"plus_overlay_icon\"><\/div><img loading=\"lazy\" decoding=\"async\" width=\"600\" height=\"380\" src=\"https:\/\/www.universalsleeve.com\/wp-content\/uploads\/2020\/11\/Portfolio-05-600x380.jpg\" class=\"attachment-boc_medium size-boc_medium wp-post-image\" alt=\"\" \/><div class=\"img_overlay_icon\"><span class=\"portfolio_icon icon_camera\"><\/span><\/div><\/div>\n\t\t\t\t\t\t\t\t\t\t\t\t<div class=\"info_overlay\">\n\t\t\t\t\t\t\t\t\t\t\t\t\t<div class=\"info_overlay_padding\">\n\t\t\t\t\t\t\t\t\t\t\t\t\t\t<div class=\"info_desc\">\n\t\t\t\t\t\t\t\t\t\t\t\t\t\t\t<span class=\"portfolio_icon icon_camera\"><\/span>\n\t\t\t\t\t\t\t\t\t\t\t\t\t\t\t<h3>(Espa\u00f1ol) Sleeve sangria premium<\/h3>\n\t\t\t\t\t\t\t\t\t\t\t\t\t\t\t<p>Sleeve<\/p>\n\t\t\t\t\t\t\t\t\t\t\t\t\t\t<\/div>\n\t\t\t\t\t\t\t\t\t\t\t\t\t<\/div>\n\t\t\t\t\t\t\t\t\t\t\t\t<\/div>\n\t\t\t\t\t\t\t\t\t\t\t<\/div>\n\t\t\t\t\t\t\t\t\t\t<\/a>\n\t\t\t\t\t\t\t\t\t<\/div>\n\t\t\t\t\t\t\t\t\t<div class=\"info_item  boc_owl_lazy\">\n\t\t\t\t\t\t\t\t\t\t<a href=\"https:\/\/www.universalsleeve.com\/fr\/portfolio_item\/producto-nuevo-4\/\" class=\"pic_info_link_type2\">\n\t\t\t\t\t\t\t\t\t\t\t<div class=\"pic_info type2\">\n\t\t\t\t\t\t\t\t\t\t\t\t<div class=\"pic \"><div class=\"plus_overlay\"><\/div><div class=\"plus_overlay_icon\"><\/div><img loading=\"lazy\" decoding=\"async\" width=\"600\" height=\"380\" src=\"https:\/\/www.universalsleeve.com\/wp-content\/uploads\/2020\/11\/Portfolio-04-600x380.jpg\" class=\"attachment-boc_medium size-boc_medium wp-post-image\" alt=\"\" \/><div class=\"img_overlay_icon\"><span class=\"portfolio_icon icon_camera\"><\/span><\/div><\/div>\n\t\t\t\t\t\t\t\t\t\t\t\t<div class=\"info_overlay\">\n\t\t\t\t\t\t\t\t\t\t\t\t\t<div class=\"info_overlay_padding\">\n\t\t\t\t\t\t\t\t\t\t\t\t\t\t<div class=\"info_desc\">\n\t\t\t\t\t\t\t\t\t\t\t\t\t\t\t<span class=\"portfolio_icon icon_camera\"><\/span>\n\t\t\t\t\t\t\t\t\t\t\t\t\t\t\t<h3>(Espa\u00f1ol) Doypack farma<\/h3>\n\t\t\t\t\t\t\t\t\t\t\t\t\t\t\t<p>Doypack<\/p>\n\t\t\t\t\t\t\t\t\t\t\t\t\t\t<\/div>\n\t\t\t\t\t\t\t\t\t\t\t\t\t<\/div>\n\t\t\t\t\t\t\t\t\t\t\t\t<\/div>\n\t\t\t\t\t\t\t\t\t\t\t<\/div>\n\t\t\t\t\t\t\t\t\t\t<\/a>\n\t\t\t\t\t\t\t\t\t<\/div>\n\t\t\t\t\t\t\t\t\t<div class=\"info_item  boc_owl_lazy\">\n\t\t\t\t\t\t\t\t\t\t<a href=\"https:\/\/www.universalsleeve.com\/fr\/portfolio_item\/producto-nuevo-3\/\" class=\"pic_info_link_type2\">\n\t\t\t\t\t\t\t\t\t\t\t<div class=\"pic_info type2\">\n\t\t\t\t\t\t\t\t\t\t\t\t<div class=\"pic \"><div class=\"plus_overlay\"><\/div><div class=\"plus_overlay_icon\"><\/div><img loading=\"lazy\" decoding=\"async\" width=\"600\" height=\"380\" src=\"https:\/\/www.universalsleeve.com\/wp-content\/uploads\/2020\/11\/Portfolio-02-600x380.jpg\" class=\"attachment-boc_medium size-boc_medium wp-post-image\" alt=\"\" \/><div class=\"img_overlay_icon\"><span class=\"portfolio_icon icon_camera\"><\/span><\/div><\/div>\n\t\t\t\t\t\t\t\t\t\t\t\t<div class=\"info_overlay\">\n\t\t\t\t\t\t\t\t\t\t\t\t\t<div class=\"info_overlay_padding\">\n\t\t\t\t\t\t\t\t\t\t\t\t\t\t<div class=\"info_desc\">\n\t\t\t\t\t\t\t\t\t\t\t\t\t\t\t<span class=\"portfolio_icon icon_camera\"><\/span>\n\t\t\t\t\t\t\t\t\t\t\t\t\t\t\t<h3>(Espa\u00f1ol) Doypack<\/h3>\n\t\t\t\t\t\t\t\t\t\t\t\t\t\t\t<p>Doypack<\/p>\n\t\t\t\t\t\t\t\t\t\t\t\t\t\t<\/div>\n\t\t\t\t\t\t\t\t\t\t\t\t\t<\/div>\n\t\t\t\t\t\t\t\t\t\t\t\t<\/div>\n\t\t\t\t\t\t\t\t\t\t\t<\/div>\n\t\t\t\t\t\t\t\t\t\t<\/a>\n\t\t\t\t\t\t\t\t\t<\/div>\n\t\t\t\t\t\t\t\t\t<div class=\"info_item  boc_owl_lazy\">\n\t\t\t\t\t\t\t\t\t\t<a href=\"https:\/\/www.universalsleeve.com\/fr\/portfolio_item\/producto-nuevo-2\/\" class=\"pic_info_link_type2\">\n\t\t\t\t\t\t\t\t\t\t\t<div class=\"pic_info type2\">\n\t\t\t\t\t\t\t\t\t\t\t\t<div class=\"pic \"><div class=\"plus_overlay\"><\/div><div class=\"plus_overlay_icon\"><\/div><img loading=\"lazy\" decoding=\"async\" width=\"600\" height=\"380\" src=\"https:\/\/www.universalsleeve.com\/wp-content\/uploads\/2020\/11\/Portfolio-03-600x380.jpg\" class=\"attachment-boc_medium size-boc_medium wp-post-image\" alt=\"\" \/><div class=\"img_overlay_icon\"><span class=\"portfolio_icon icon_camera\"><\/span><\/div><\/div>\n\t\t\t\t\t\t\t\t\t\t\t\t<div class=\"info_overlay\">\n\t\t\t\t\t\t\t\t\t\t\t\t\t<div class=\"info_overlay_padding\">\n\t\t\t\t\t\t\t\t\t\t\t\t\t\t<div class=\"info_desc\">\n\t\t\t\t\t\t\t\t\t\t\t\t\t\t\t<span class=\"portfolio_icon icon_camera\"><\/span>\n\t\t\t\t\t\t\t\t\t\t\t\t\t\t\t<h3>(Espa\u00f1ol) Bolsa compost<\/h3>\n\t\t\t\t\t\t\t\t\t\t\t\t\t\t\t<p>Compost<\/p>\n\t\t\t\t\t\t\t\t\t\t\t\t\t\t<\/div>\n\t\t\t\t\t\t\t\t\t\t\t\t\t<\/div>\n\t\t\t\t\t\t\t\t\t\t\t\t<\/div>\n\t\t\t\t\t\t\t\t\t\t\t<\/div>\n\t\t\t\t\t\t\t\t\t\t<\/a>\n\t\t\t\t\t\t\t\t\t<\/div>\n\t\t\t\t\t\t\t\t\t<div class=\"info_item  boc_owl_lazy\">\n\t\t\t\t\t\t\t\t\t\t<a href=\"https:\/\/www.universalsleeve.com\/fr\/portfolio_item\/producto-nuevo-1\/\" class=\"pic_info_link_type2\">\n\t\t\t\t\t\t\t\t\t\t\t<div class=\"pic_info type2\">\n\t\t\t\t\t\t\t\t\t\t\t\t<div class=\"pic \"><div class=\"plus_overlay\"><\/div><div class=\"plus_overlay_icon\"><\/div><img loading=\"lazy\" decoding=\"async\" width=\"600\" height=\"380\" src=\"https:\/\/www.universalsleeve.com\/wp-content\/uploads\/2020\/11\/Portfolio-01-600x380.jpg\" class=\"attachment-boc_medium size-boc_medium wp-post-image\" alt=\"\" \/><div class=\"img_overlay_icon\"><span class=\"portfolio_icon icon_camera\"><\/span><\/div><\/div>\n\t\t\t\t\t\t\t\t\t\t\t\t<div class=\"info_overlay\">\n\t\t\t\t\t\t\t\t\t\t\t\t\t<div class=\"info_overlay_padding\">\n\t\t\t\t\t\t\t\t\t\t\t\t\t\t<div class=\"info_desc\">\n\t\t\t\t\t\t\t\t\t\t\t\t\t\t\t<span class=\"portfolio_icon icon_camera\"><\/span>\n\t\t\t\t\t\t\t\t\t\t\t\t\t\t\t<h3>(Espa\u00f1ol) Sleeve<\/h3>\n\t\t\t\t\t\t\t\t\t\t\t\t\t\t\t<p>Sleeve<\/p>\n\t\t\t\t\t\t\t\t\t\t\t\t\t\t<\/div>\n\t\t\t\t\t\t\t\t\t\t\t\t\t<\/div>\n\t\t\t\t\t\t\t\t\t\t\t\t<\/div>\n\t\t\t\t\t\t\t\t\t\t\t<\/div>\n\t\t\t\t\t\t\t\t\t\t<\/a>\n\t\t\t\t\t\t\t\t\t<\/div>\n\t\t\t\t\t\t\t\t\t<div class=\"info_item  boc_owl_lazy\">\n\t\t\t\t\t\t\t\t\t\t<a href=\"https:\/\/www.universalsleeve.com\/fr\/portfolio_item\/maset-ice-cocktail-nectar-white\/\" class=\"pic_info_link_type2\">\n\t\t\t\t\t\t\t\t\t\t\t<div class=\"pic_info type2\">\n\t\t\t\t\t\t\t\t\t\t\t\t<div class=\"pic \"><div class=\"plus_overlay\"><\/div><div class=\"plus_overlay_icon\"><\/div><img loading=\"lazy\" decoding=\"async\" width=\"600\" height=\"380\" src=\"https:\/\/www.universalsleeve.com\/wp-content\/uploads\/2018\/04\/maset-mini-600x380.png\" class=\"attachment-boc_medium size-boc_medium wp-post-image\" alt=\"\" \/><div class=\"img_overlay_icon\"><span class=\"portfolio_icon icon_camera\"><\/span><\/div><\/div>\n\t\t\t\t\t\t\t\t\t\t\t\t<div class=\"info_overlay\">\n\t\t\t\t\t\t\t\t\t\t\t\t\t<div class=\"info_overlay_padding\">\n\t\t\t\t\t\t\t\t\t\t\t\t\t\t<div class=\"info_desc\">\n\t\t\t\t\t\t\t\t\t\t\t\t\t\t\t<span class=\"portfolio_icon icon_camera\"><\/span>\n\t\t\t\t\t\t\t\t\t\t\t\t\t\t\t<h3>Maset Ice Cocktail &#038; Nectar White<\/h3>\n\t\t\t\t\t\t\t\t\t\t\t\t\t\t\t<p>Sleeve<\/p>\n\t\t\t\t\t\t\t\t\t\t\t\t\t\t<\/div>\n\t\t\t\t\t\t\t\t\t\t\t\t\t<\/div>\n\t\t\t\t\t\t\t\t\t\t\t\t<\/div>\n\t\t\t\t\t\t\t\t\t\t\t<\/div>\n\t\t\t\t\t\t\t\t\t\t<\/a>\n\t\t\t\t\t\t\t\t\t<\/div>\n\t\t\t\t\t\t\t\t\t<div class=\"info_item  boc_owl_lazy\">\n\t\t\t\t\t\t\t\t\t\t<a href=\"https:\/\/www.universalsleeve.com\/fr\/portfolio_item\/azucarera-azucar-extrafino\/\" class=\"pic_info_link_type2\">\n\t\t\t\t\t\t\t\t\t\t\t<div class=\"pic_info type2\">\n\t\t\t\t\t\t\t\t\t\t\t\t<div class=\"pic \"><div class=\"plus_overlay\"><\/div><div class=\"plus_overlay_icon\"><\/div><img loading=\"lazy\" decoding=\"async\" width=\"600\" height=\"380\" src=\"https:\/\/www.universalsleeve.com\/wp-content\/uploads\/2018\/04\/azucarera-mini-600x380.png\" class=\"attachment-boc_medium size-boc_medium wp-post-image\" alt=\"\" \/><div class=\"img_overlay_icon\"><span class=\"portfolio_icon icon_camera\"><\/span><\/div><\/div>\n\t\t\t\t\t\t\t\t\t\t\t\t<div class=\"info_overlay\">\n\t\t\t\t\t\t\t\t\t\t\t\t\t<div class=\"info_overlay_padding\">\n\t\t\t\t\t\t\t\t\t\t\t\t\t\t<div class=\"info_desc\">\n\t\t\t\t\t\t\t\t\t\t\t\t\t\t\t<span class=\"portfolio_icon icon_camera\"><\/span>\n\t\t\t\t\t\t\t\t\t\t\t\t\t\t\t<h3>Azucarera &#8211; Azucar Extrafino<\/h3>\n\t\t\t\t\t\t\t\t\t\t\t\t\t\t\t<p>Doypack<\/p>\n\t\t\t\t\t\t\t\t\t\t\t\t\t\t<\/div>\n\t\t\t\t\t\t\t\t\t\t\t\t\t<\/div>\n\t\t\t\t\t\t\t\t\t\t\t\t<\/div>\n\t\t\t\t\t\t\t\t\t\t\t<\/div>\n\t\t\t\t\t\t\t\t\t\t<\/a>\n\t\t\t\t\t\t\t\t\t<\/div>\n\t\t\t\t\t\t\t\t\t<div class=\"info_item  boc_owl_lazy\">\n\t\t\t\t\t\t\t\t\t\t<a href=\"https:\/\/www.universalsleeve.com\/fr\/portfolio_item\/codorniu-anna-ice-edition\/\" class=\"pic_info_link_type2\">\n\t\t\t\t\t\t\t\t\t\t\t<div class=\"pic_info type2\">\n\t\t\t\t\t\t\t\t\t\t\t\t<div class=\"pic \"><div class=\"plus_overlay\"><\/div><div class=\"plus_overlay_icon\"><\/div><img loading=\"lazy\" decoding=\"async\" width=\"600\" height=\"380\" src=\"https:\/\/www.universalsleeve.com\/wp-content\/uploads\/2018\/04\/anna-codorniu-mini-600x380.png\" class=\"attachment-boc_medium size-boc_medium wp-post-image\" alt=\"\" \/><div class=\"img_overlay_icon\"><span class=\"portfolio_icon icon_camera\"><\/span><\/div><\/div>\n\t\t\t\t\t\t\t\t\t\t\t\t<div class=\"info_overlay\">\n\t\t\t\t\t\t\t\t\t\t\t\t\t<div class=\"info_overlay_padding\">\n\t\t\t\t\t\t\t\t\t\t\t\t\t\t<div class=\"info_desc\">\n\t\t\t\t\t\t\t\t\t\t\t\t\t\t\t<span class=\"portfolio_icon icon_camera\"><\/span>\n\t\t\t\t\t\t\t\t\t\t\t\t\t\t\t<h3>Codorniu Anna Ice Edition<\/h3>\n\t\t\t\t\t\t\t\t\t\t\t\t\t\t\t<p>Sleeve<\/p>\n\t\t\t\t\t\t\t\t\t\t\t\t\t\t<\/div>\n\t\t\t\t\t\t\t\t\t\t\t\t\t<\/div>\n\t\t\t\t\t\t\t\t\t\t\t\t<\/div>\n\t\t\t\t\t\t\t\t\t\t\t<\/div>\n\t\t\t\t\t\t\t\t\t\t<\/a>\n\t\t\t\t\t\t\t\t\t<\/div>\n\t\t\t\t\t\t\t\t\t<div class=\"info_item  boc_owl_lazy\">\n\t\t\t\t\t\t\t\t\t\t<a href=\"https:\/\/www.universalsleeve.com\/fr\/portfolio_item\/doypack-anonimo\/\" class=\"pic_info_link_type2\">\n\t\t\t\t\t\t\t\t\t\t\t<div class=\"pic_info type2\">\n\t\t\t\t\t\t\t\t\t\t\t\t<div class=\"pic \"><div class=\"plus_overlay\"><\/div><div class=\"plus_overlay_icon\"><\/div><img loading=\"lazy\" decoding=\"async\" width=\"600\" height=\"380\" src=\"https:\/\/www.universalsleeve.com\/wp-content\/uploads\/2017\/04\/nanosalud-600x380.jpg\" class=\"attachment-boc_medium size-boc_medium wp-post-image\" alt=\"\" \/><div class=\"img_overlay_icon\"><span class=\"portfolio_icon icon_camera\"><\/span><\/div><\/div>\n\t\t\t\t\t\t\t\t\t\t\t\t<div class=\"info_overlay\">\n\t\t\t\t\t\t\t\t\t\t\t\t\t<div class=\"info_overlay_padding\">\n\t\t\t\t\t\t\t\t\t\t\t\t\t\t<div class=\"info_desc\">\n\t\t\t\t\t\t\t\t\t\t\t\t\t\t\t<span class=\"portfolio_icon icon_camera\"><\/span>\n\t\t\t\t\t\t\t\t\t\t\t\t\t\t\t<h3>Doypack An\u00f3nimo<\/h3>\n\t\t\t\t\t\t\t\t\t\t\t\t\t\t\t<p>Doypack<\/p>\n\t\t\t\t\t\t\t\t\t\t\t\t\t\t<\/div>\n\t\t\t\t\t\t\t\t\t\t\t\t\t<\/div>\n\t\t\t\t\t\t\t\t\t\t\t\t<\/div>\n\t\t\t\t\t\t\t\t\t\t\t<\/div>\n\t\t\t\t\t\t\t\t\t\t<\/a>\n\t\t\t\t\t\t\t\t\t<\/div>\n\t\t\t\t\t\t\t\t\n\t\t\t\t\t\t<\/div>\n\t\t\t\t\t<\/div>\n\t\t\t\t<\/div>\n\n\t\t\t\t<div class=\"h10 clear\"><\/div>\n\t\t\t\t\t\t\t\n\t\t\t\t\t\t\t<!-- Portfolio Carousel -->\n\t\t\t\t\t\t\t<script type=\"text\/javascript\">\n\t\t\t\t\t\t\t\t\t\t\n\t\t\t\t\t\t\t\tjQuery(document).ready(function($) {\t\t\t\n\n\t\t\t\t\t\t\t\t\t\/\/ Load carousel after its images are loaded\n\t\t\t\t\t\t\t\t\tpreloadImages($(\"#portfolio_carousel_9668 img\"), function () {\n\t\t\t\t\t\t\t\t\t\n\t\t\t\t\t\t\t\t\t\tvar carousel = $(\"#portfolio_carousel_9668\");\n\t\t\t\t\t\t\t\t\t\t\n\t\t\t\t\t\t\t\t\t\tvar args = {\n\t\t\t\t\t\t\t\t\t\t\t\titems: \t\t\t\t4,\n\t\t\t\t\t\t\t\t\t\t\t\tautoplay:\t\t\tfalse,\n\t\t\t\t\t\t\t\t\t\t\t\tautoplayTimeout:\t6000,\n\t\t\t\t\t\t\t\t\t\t\t\tloop: \t\t\t\tfalse,\n\t\t\t\t\t\t\t\t\t\t\t\tnav: \t\t\t\ttrue,\n\t\t\t\t\t\t\t\t\t\t\t\tdots: \t\t\t\tfalse,\n\t\t\t\t\t\t\t\t\t\t\t\tautoHeight: \t\tfalse,\n\t\t\t\t\t\t\t\t\t\t\t\tsmartSpeed:\t\t\t250,\n\t\t\t\t\t\t\t\t\t\t\t\tnavText:\t\t\t[\"<span class='icon icon-arrow-left7'><\/span>\",\"<span class='icon icon-arrow-right7'><\/span>\"],\n\t\t\t\t\t\t\t\t\t\t\t\tslideBy: \t\t\t1,\n\n\t\t\t\t\t\t\t\t\t\t\t\tnavRewind: false,\n\t\t\t\t\t\t\t\t\t\t\t\trtl: \t\t\t\tfalse,\n\t\t\t\t\t\t\t\t\t\t\t\tmargin:30,\n\t\t\t\t\t\t\t\t\t\t\t\tresponsive:{\n\t\t\t\t\t\t\t\t\t\t\t\t\t0:{\n\t\t\t\t\t\t\t\t\t\t\t\t\t  items:1,\n\t\t\t\t\t\t\t\t\t\t\t\t\t},\n\t\t\t\t\t\t\t\t\t\t\t\t\t480:{\n\t\t\t\t\t\t\t\t\t\t\t\t\t  items:1,\n\t\t\t\t\t\t\t\t\t\t\t\t\t  margin:20,\n\t\t\t\t\t\t\t\t\t\t\t\t\t},\n\t\t\t\t\t\t\t\t\t\t\t\t\t769:{\n\t\t\t\t\t\t\t\t\t\t\t\t\t  items:4\n\t\t\t\t\t\t\t\t\t\t\t\t\t}\n\t\t\t\t\t\t\t\t\t\t\t\t},\n\t\t\t\t\t\t\t\t\t\t\t\tonInitialized:  showCarousel_9668\n\t\t\t\t\t\t\t\t\t\t}\n\t\t\t\t\t\t\t\t\t\t\n\t\t\t\t\t\t\t\t\t\tcarousel.owlCarousel(args);\n\n\t\t\t\t\t\t\t\t\t\tvar initital_width = carousel.css(\"width\");\t\t\n\t\t\t\t\t\t\t\t\t\t\n\t\t\t\t\t\t\t\t\t\t\/* Refresh it for full width rows *\/\n\t\t\t\t\t\t\t\t\t\t$(window).load(function(){\n\t\t\t\t\t\t\t\t\t\t\tif(carousel.css(\"width\") != initital_width) {\n\t\t\t\t\t\t\t\t\t\t\t\tcarousel.trigger(\"destroy.owl.carousel\").removeClass(\"owl-carousel owl-loaded\");\n\t\t\t\t\t\t\t\t\t\t\t\tcarousel.find(\".owl-stage-outer\").children().unwrap();\n\t\t\t\t\t\t\t\t\t\t\t\tcarousel.owlCarousel(args);\n\t\t\t\t\t\t\t\t\t\t\t}\n\t\t\t\t\t\t\t\t\t\t});\n\t\t\t\t\t\t\t\t\t});\n\t\t\t\t\t\t\t\t\t\n\t\t\t\t\t\t\t\t\t\n\t\t\t\t\t\t\t\t\t\/* Show after initialized *\/\n\t\t\t\t\t\t\t\t\tfunction showCarousel_9668() {\n\t\t\t\t\t\t\t\t\t\t$(\"#portfolio_carousel_9668\").fadeTo(0,1);\n\t\t\t\t\t\t\t\t\t\t$(\"#portfolio_carousel_9668 .owl-item .boc_owl_lazy\").css(\"opacity\",\"1\");\n\t\t\t\t\t\t\t\t\t}\n\n\t\t\t\t\t\t\t\t});\n\t\t\t\t\t\t\t\t\n\t\t\t\t\t\t\t<\/script>\n\t\t\t\t\t\t\t<!-- Portfolio Carousel :: END -->[\/vc_column][\/vc_row]<\/p>\n<\/div>","protected":false},"excerpt":{"rendered":"<p>[vc_row full_width=\u00a0\u00bbstretch_row\u00a0\u00bb bg_type=\u00a0\u00bbvideo\u00a0\u00bb video_url=\u00a0\u00bbhttps:\/\/www.universalsleeve.com\/wp-content\/uploads\/2020\/11\/PORTADA-SLEEVE-definit.mov\u00a0\u00bb video_opts=\u00a0\u00bbloop,muted\u00a0\u00bb video_poster=\u00a0\u00bb25429&Prime; viewport_vdo=\u00a0\u00bboff\u00a0\u00bb enable_controls=\u00a0\u00bboff\u00a0\u00bb bg_override=\u00a0\u00bbfull\u00a0\u00bb parallax_content=\u00a0\u00bboff\u00a0\u00bb fadeout_row=\u00a0\u00bboff\u00a0\u00bb enable_overlay=\u00a0\u00bbenable_overlay_value\u00a0\u00bb overlay_color=\u00a0\u00bb#000000&Prime; overlay_pattern=\u00a0\u00bb01.png\u00a0\u00bb overlay_pattern_opacity=\u00a0\u00bb0&Prime; seperator_enable=\u00a0\u00bboff\u00a0\u00bb ult_hide_row=\u00a0\u00bboff\u00a0\u00bb css=\u00a0\u00bb.vc_custom_1605167065848{margin-right: 0px !important;margin-bottom: 0px !important;margin-left: 0px !important;border-right-width: 0px !important;border-left-width: 0px !important;padding-top: 500px !important;padding-bottom: 300px !important;}\u00a0\u00bb][vc_column offset=\u00a0\u00bbvc_hidden-sm vc_hidden-xs\u00a0\u00bb][\/vc_column][\/vc_row][vc_row full_width=\u00a0\u00bbstretch_row\u00a0\u00bb bg_type=\u00a0\u00bbbg_color\u00a0\u00bb enable_overlay=\u00a0\u00bboff\u00a0\u00bb seperator_enable=\u00a0\u00bboff\u00a0\u00bb el_class=\u00a0\u00bbwhite_text\u00a0\u00bb css=\u00a0\u00bb.vc_custom_1604317500465{margin-bottom: 0px !important;border-bottom-width: 0px !important;padding-top: 0px !important;padding-bottom: 1px !important;}\u00a0\u00bb bg_color_value=\u00a0\u00bb#9b1f2e\u00a0\u00bb][vc_column el_class=\u00a0\u00bbcenter\u00a0\u00bb][\/vc_column][\/vc_row][vc_row full_width=\u00a0\u00bbstretch_row_content_no_spaces\u00a0\u00bb css=\u00a0\u00bb.vc_custom_1591963150978{margin-bottom: 40px !important;border-bottom-width: 1px !important;padding-top: 40px !important;padding-bottom: 40px !important;background-color:<\/p>\n<div class=\"h10\"><\/div>\n<p><a class=\"more-link2 flat\" href=\"https:\/\/www.universalsleeve.com\/fr\/portfolio_item\/doypack-anonimo\/\">Read more<\/a><\/p>\n","protected":false},"author":1,"featured_media":0,"parent":0,"menu_order":0,"comment_status":"closed","ping_status":"closed","template":"","meta":{"footnotes":""},"class_list":["post-25359","page","type-page","status-publish","hentry"],"aioseo_notices":[],"_links":{"self":[{"href":"https:\/\/www.universalsleeve.com\/fr\/wp-json\/wp\/v2\/pages\/25359","targetHints":{"allow":["GET"]}}],"collection":[{"href":"https:\/\/www.universalsleeve.com\/fr\/wp-json\/wp\/v2\/pages"}],"about":[{"href":"https:\/\/www.universalsleeve.com\/fr\/wp-json\/wp\/v2\/types\/page"}],"author":[{"embeddable":true,"href":"https:\/\/www.universalsleeve.com\/fr\/wp-json\/wp\/v2\/users\/1"}],"replies":[{"embeddable":true,"href":"https:\/\/www.universalsleeve.com\/fr\/wp-json\/wp\/v2\/comments?post=25359"}],"version-history":[{"count":52,"href":"https:\/\/www.universalsleeve.com\/fr\/wp-json\/wp\/v2\/pages\/25359\/revisions"}],"predecessor-version":[{"id":25697,"href":"https:\/\/www.universalsleeve.com\/fr\/wp-json\/wp\/v2\/pages\/25359\/revisions\/25697"}],"wp:attachment":[{"href":"https:\/\/www.universalsleeve.com\/fr\/wp-json\/wp\/v2\/media?parent=25359"}],"curies":[{"name":"wp","href":"https:\/\/api.w.org\/{rel}","templated":true}]}}