{"id":24430,"date":"2016-06-01T11:36:51","date_gmt":"2016-06-01T11:36:51","guid":{"rendered":"https:\/\/www.universalsleeve.com\/web\/?page_id=24430"},"modified":"2022-06-02T09:01:32","modified_gmt":"2022-06-02T09:01:32","slug":"que-es-sleeve-roll-feed","status":"publish","type":"page","link":"https:\/\/www.universalsleeve.com\/fr\/que-es-sleeve-roll-feed\/","title":{"rendered":"QUE SONT LE SLEEVE ET LE ROLL FEED?"},"content":{"rendered":"<div class=\"wpb-content-wrapper\"><p>[vc_row][vc_column][vc_single_image image=\u00a0\u00bb24433&Prime;]<h2 class=\"boc_heading no_text_transform center  boc_animate_when_almost_visible boc_top-to-bottom\"  style=\"margin-bottom: 20px;margin-top: 0px;color: #ffffff;font-size: 42px;\"><span><strong>Sleeve ou manchon thermor\u00e9tractable<\/strong><\/span><\/h2>[\/vc_column][\/vc_row][vc_row css=\u00a0\u00bb.vc_custom_1437828371731{margin-bottom: 80px !important;}\u00a0\u00bb][vc_column width=\u00a0\u00bb1\/3&Prime;]<div id=\"top_icon_box_75477\" class=\"top_icon_box type5  \"><div class=\"icon_holder\"><div class=\"icon_bgr\"><\/div><div class=\"icon_center\"><i class=\"icon icon-shield2\"><\/i><\/div><\/div><h3><\/h3><p>Universal Sleeve est une r\u00e9f\u00e9rence nationale dans la fabrication de Sleeves (Shrink Sleeve) ou manchons thermor\u00e9tractables.<br \/>\nPr\u00e9sent sur tous les march\u00e9s et collaborant avec tous les grands fabricants, notre exp\u00e9rience nous avalise en tant que leader du secteur. Les nouveaux d\u00e9fis nous passionnent et notre exigence se refl\u00e8te dans le service que nous offrons.<br \/>\nLes Sleeves renforcent l&rsquo;image de vos emballages et amplifient la capacit\u00e9 de communication de vos produits. Ils s&rsquo;adaptent \u00e0 n&rsquo;importe quel type d&#8217;emballage en utilisant toute la surface pour pouvoir pr\u00e9senter votre marque, produit ou promotion.<\/p><\/div>[\/vc_column][vc_column width=\u00a0\u00bb1\/3&Prime;]<div id=\"top_icon_box_22641\" class=\"top_icon_box type5  \"><div class=\"icon_holder\"><div class=\"icon_bgr\"><\/div><div class=\"icon_center\"><i class=\"icon icon-trophy2\"><\/i><\/div><\/div><h3><\/h3><p>La grande concurrence dans les lin\u00e9aires fait que pour les fabricants l&rsquo;utilisation du Sleeve est un avantage comp\u00e9titif, en mettant en valeur votre produit et en le distinguant de ceux de la concurrence.<br \/>\nLes consommateurs, chaque jour plus exigeants, r\u00e9clament des informations sur le produit et ses applications. En recourant aux Sleeves, les fabricants peuvent b\u00e9n\u00e9ficier d&rsquo;une grande qualit\u00e9 d&rsquo;impression et d&rsquo;une capacit\u00e9 \u00e0 transmettre toutes ces informations, impactant de fa\u00e7on visuelle et attractive les consommateurs.<br \/>\nUn autre avantage du Sleeve par rapport aux dispositifs d&rsquo;\u00e9tiquetage conventionnels est la protection qu&rsquo;il offre et la grande durabilit\u00e9 sans diminuer la qualit\u00e9 de pr\u00e9sentation.<\/p><\/div>[\/vc_column][vc_column width=\u00a0\u00bb1\/3&Prime;]<div id=\"top_icon_box_31842\" class=\"top_icon_box type5  \"><div class=\"icon_holder\"><div class=\"icon_bgr\"><\/div><div class=\"icon_center\"><i class=\"icon icon-diamond2\"><\/i><\/div><\/div><h3><\/h3><p>L&rsquo;utilisation du Sleeve permet \u00e9galement de grouper les emballages et de concentrer le volume d&rsquo;achats. Imaginez ce qui signifierait r\u00e9duire les r\u00e9f\u00e9rences au niveau du stock, des d\u00e9marques et co\u00fbts de gestion. L&rsquo;utilisation du Sleeve permet d&rsquo;adapter de mani\u00e8re flexible les changements et les nouvelles r\u00e9f\u00e9rences.<br \/>\nDans notre gamme de finitions et effets, vous avez le choix entre m\u00e9tallis\u00e9s, nacr\u00e9s, encres invisibles, phosphorescentes, holographiques, etc.<br \/>\nUniversal Sleeve d\u00e9veloppe constamment de nouvelles applications et am\u00e9liorations pour couvrir tous les besoins dans les march\u00e9s de l&rsquo;alimentation, des boissons, des cosm\u00e9tiques ou des produits chimiques.<\/p><\/div>[\/vc_column][\/vc_row][vc_row][vc_column]<div class=\"boc_spacing \" style=\"height: 50px\"><\/div>[\/vc_column][\/vc_row][vc_row full_width=\u00a0\u00bbstretch_row_content_no_spaces\u00a0\u00bb icon_type=\u00a0\u00bbno_icon\u00a0\u00bb icon_size=\u00a0\u00bb32&Prime; icon_style=\u00a0\u00bbnone\u00a0\u00bb icon_color_border=\u00a0\u00bb#333333&Prime; icon_border_size=\u00a0\u00bb1&Prime; icon_border_radius=\u00a0\u00bb500&Prime; icon_border_spacing=\u00a0\u00bb50&Prime; img_width=\u00a0\u00bb48&Prime;][vc_column css=\u00a0\u00bb.vc_custom_1428487726129{padding-top: 100px !important;padding-right: 130px !important;padding-bottom: 100px !important;padding-left: 130px !important;background-color: #253030 !important;}\u00a0\u00bb el_class=\u00a0\u00bbequal_height_column no_side_padding_in_responsive_column white_text center\u00a0\u00bb offset=\u00a0\u00bbvc_col-lg-6 vc_col-md-12 vc_col-xs-12&Prime;]<h2 class=\"boc_heading  al_left  \"  style=\"margin-bottom: 20px;margin-top: 0px;color: #ffffff;font-size: 32px;\"><span>Technologie<\/span><\/h2>[vc_column_text]<\/p>\n<p style=\"text-align: left;\"><strong>H\u00e9liogravure:<\/strong><br \/>\nUniversal Sleeve dispose d&rsquo;un parque technologique de derni\u00e8re g\u00e9n\u00e9ration qui lui permet de relever tous les d\u00e9fis et satisfaire toutes les exigences du march\u00e9. Notre capacit\u00e9 de production de Sleeves, \u00e9tiquettes et lamin\u00e9s est sup\u00e9rieure \u00e0 300\u00a0000\u00a0m<sup>2<\/sup> par jour.<br \/>\nNous pouvons offrir tout type de formats et finitions\u00a0: vernis mat ou brillant, m\u00e9tallis\u00e9s, nacr\u00e9s, stamping, encres thermochromiques&#8230;<br \/>\nAppelez-nous pour d\u00e9couvrir toutes nos options\u00a0!<\/p>\n<p style=\"text-align: left;\"><strong>Advantages:<\/strong><br \/>\nLe proc\u00e9d\u00e9 offre la possibilit\u00e9 de transf\u00e9rer l&rsquo;encre de mani\u00e8re uniforme avec une grande vari\u00e9t\u00e9 de densit\u00e9s et \u00e0 grandes vitesses, il est donc parfaitement adapt\u00e9 aux applications qui demandent une grande qualit\u00e9 des images, comme la micro\u00e9dition, l&#8217;emballage, les \u00e9tiquettes, l&rsquo;impression s\u00e9curis\u00e9e et l&rsquo;impression d\u00e9corative.<br \/>\nLa durabilit\u00e9 naturelle des cylindres d&rsquo;impression utilis\u00e9s fait de l&rsquo;impression par h\u00e9liogravure un proc\u00e9d\u00e9 id\u00e9al pour l&rsquo;impression de haute qualit\u00e9 sur des tirages de tr\u00e8s grandes dimensions ou qui se r\u00e9p\u00e8tent avec r\u00e9gularit\u00e9, offrant des avantages en termes de co\u00fbts par rapport aux autres proc\u00e9d\u00e9s.<\/p>\n<p style=\"text-align: left;\"><strong>Flexographie:<\/strong><br \/>\nPour compl\u00e9ter la ligne d&rsquo;impression par h\u00e9liogravure, nous disposons \u00e9galement de machines d&rsquo;impression par flexographie de haute d\u00e9finition qui offrent une excellente qualit\u00e9 et homog\u00e9n\u00e9it\u00e9 d&rsquo;impression.<br \/>\nCela nous permet de relever n&rsquo;importe quel d\u00e9fi technologique et d&rsquo;offrir un service et une flexibilit\u00e9 d&rsquo;excellence.<\/p>\n<p>[\/vc_column_text][\/vc_column][vc_column width=\u00a0\u00bb1\/2&Prime; css=\u00a0\u00bb.vc_custom_1464788068821{padding-top: 70px !important;padding-right: 100px !important;padding-bottom: 70px !important;padding-left: 100px !important;background-image: url(https:\/\/www.universalsleeve.com\/wp-content\/uploads\/2016\/06\/tecnologia-sleevejpg.jpg?id=24458) !important;background-position: center !important;background-repeat: no-repeat !important;background-size: cover !important;}\u00a0\u00bb offset=\u00a0\u00bbvc_hidden-md vc_hidden-sm vc_hidden-xs\u00a0\u00bb el_class=\u00a0\u00bbequal_height_column\u00a0\u00bb][\/vc_column][\/vc_row][vc_row][vc_column]<div class=\"boc_spacing \" style=\"height: 80px\"><\/div><h2 class=\"boc_heading no_text_transform center  boc_animate_when_almost_visible boc_top-to-bottom\"  style=\"margin-bottom: 20px;margin-top: 0px;color: #ffffff;font-size: 42px;\"><span><strong>Mat\u00e9riaux<\/strong><\/span><\/h2>[vc_column_text]Universal Sleeve travaille avec les principaux fabricants de films plastiques et encres du march\u00e9 international. Nos fournisseurs d&rsquo;envergure internationale offrent une garantie d&rsquo;uniformit\u00e9, de qualit\u00e9 et de service consolid\u00e9. Les mati\u00e8res premi\u00e8res sont la base d&rsquo;un bon produit et d&rsquo;une finition excellente.[\/vc_column_text][\/vc_column][\/vc_row][vc_row][vc_column width=\u00a0\u00bb1\/2&Prime;]\n\t\t\t\t<a target=\"_self\" href=\"javascript:void(0)\"  style=\"cursor: default;\" class=\"pic_info_link_type4\">\n\t\t\t\t  <div class=\"boc_image_box portfolio_animator_class  \">\n\t\t\t\t\t<div class=\"pic_info type4\">\n\t\t\t\t\t\t<div class=\"pic \"><div class=\"plus_overlay\"><\/div><div class=\"plus_overlay_icon\"><\/div>\n\t\t\t\t\t\t\n\t\t\t\t\t\t<div class=\"img_overlay_icon\"><span class=\"portfolio_icon icon_link\"><\/span><\/div><\/div>\n\t\t\t\t\t\t<div class=\"info_overlay\">\n\t\t\t\t\t\t\t<div class=\"info_overlay_padding\">\n\t\t\t\t\t\t\t\t<div class=\"info_desc\">\n\t\t\t\t\t\t\t\t\t<span class=\"portfolio_icon icon_link\"><\/span>\t\t\t\t\n\t\t\t\t\t\t\t\t\t<h3>PVC<\/h3>\n\t\t\t\t\t\t\t\t\t<p>Le PVC (polychlorure de vinyle) avec une r\u00e9traction jusqu'\u00e0 55 % est utilis\u00e9 dans les manchons g\u00e9n\u00e9ralement dans les scell\u00e9s de garantie, les packs promotionnels ou les multipacks et emballages de forme simple. Pour des besoins plus exigeants de r\u00e9traction, on utilise un PVC dont l'indice de r\u00e9traction est sup\u00e9rieur (66 %) normalement dans les packs promotionnels plus complexes, les manchons dont l'emballage est totalement d\u00e9cor\u00e9 et pour des emballages de forme compliqu\u00e9e. Ce type de mat\u00e9riau est adapt\u00e9 tant au four \u00e9lectrique qu'au four \u00e0 la vapeur.<\/p>\n\t\t\t\t\t\t\t\t<\/div>\n\t\t\t\t\t\t\t<\/div>\n\t\t\t\t\t\t<\/div>\n\t\t\t\t\t<\/div>\n\t\t\t\t  <\/div>\n\t\t\t\t<\/a>\n\t\t\t<div class=\"boc_spacing \" style=\"height: 20px\"><\/div>\n\t\t\t\t<a target=\"_self\" href=\"javascript:void(0)\"  style=\"cursor: default;\" class=\"pic_info_link_type4\">\n\t\t\t\t  <div class=\"boc_image_box portfolio_animator_class  \">\n\t\t\t\t\t<div class=\"pic_info type4\">\n\t\t\t\t\t\t<div class=\"pic \"><div class=\"plus_overlay\"><\/div><div class=\"plus_overlay_icon\"><\/div>\n\t\t\t\t\t\t\n\t\t\t\t\t\t<div class=\"img_overlay_icon\"><span class=\"portfolio_icon icon_link\"><\/span><\/div><\/div>\n\t\t\t\t\t\t<div class=\"info_overlay\">\n\t\t\t\t\t\t\t<div class=\"info_overlay_padding\">\n\t\t\t\t\t\t\t\t<div class=\"info_desc\">\n\t\t\t\t\t\t\t\t\t<span class=\"portfolio_icon icon_link\"><\/span>\t\t\t\t\n\t\t\t\t\t\t\t\t\t<h3>PET<\/h3>\n\t\t\t\t\t\t\t\t\t<p>Le PET (poly\u00e9thyl\u00e8ne t\u00e9r\u00e9phtalate) est un mat\u00e9riau dont l'indice de r\u00e9traction peut atteindre 75 %. Autres caract\u00e9ristiques : grosseur comprise entre 30 et 70 microns, r\u00e9traction \u00e0 basse temp\u00e9rature, four \u00e0 vapeur ou \u00e0 air puls\u00e9, bonne imprimabilit\u00e9, bonnes caract\u00e9ristiques de couture, recyclable. <\/p>\n\t\t\t\t\t\t\t\t<\/div>\n\t\t\t\t\t\t\t<\/div>\n\t\t\t\t\t\t<\/div>\n\t\t\t\t\t<\/div>\n\t\t\t\t  <\/div>\n\t\t\t\t<\/a>\n\t\t\t[\/vc_column][vc_column width=\u00a0\u00bb1\/2&Prime;]\n\t\t\t\t<a target=\"_self\" href=\"javascript:void(0)\"  style=\"cursor: default;\" class=\"pic_info_link_type4\">\n\t\t\t\t  <div class=\"boc_image_box portfolio_animator_class  \">\n\t\t\t\t\t<div class=\"pic_info type4\">\n\t\t\t\t\t\t<div class=\"pic \"><div class=\"plus_overlay\"><\/div><div class=\"plus_overlay_icon\"><\/div>\n\t\t\t\t\t\t\n\t\t\t\t\t\t<div class=\"img_overlay_icon\"><span class=\"portfolio_icon icon_link\"><\/span><\/div><\/div>\n\t\t\t\t\t\t<div class=\"info_overlay\">\n\t\t\t\t\t\t\t<div class=\"info_overlay_padding\">\n\t\t\t\t\t\t\t\t<div class=\"info_desc\">\n\t\t\t\t\t\t\t\t\t<span class=\"portfolio_icon icon_link\"><\/span>\t\t\t\t\n\t\t\t\t\t\t\t\t\t<h3>OPS<\/h3>\n\t\t\t\t\t\t\t\t\t<p>Caract\u00e9ristiques principales : grosseur comprise entre 50 et 60 microns, faible densit\u00e9 (1,02 g\/cm3 par rapport aux autres mat\u00e9riaux tels que le PVC et le PET : 1,31 g\/cm3), brillant maximum, rigidit\u00e9 mod\u00e9r\u00e9e, bonne finition (tension et vitesse de la r\u00e9traction), exigences sp\u00e9ciales de stockage en raison de son niveau de r\u00e9traction naturellement \u00e9lev\u00e9.<\/p>\n\t\t\t\t\t\t\t\t<\/div>\n\t\t\t\t\t\t\t<\/div>\n\t\t\t\t\t\t<\/div>\n\t\t\t\t\t<\/div>\n\t\t\t\t  <\/div>\n\t\t\t\t<\/a>\n\t\t\t<div class=\"boc_spacing \" style=\"height: 20px\"><\/div>\n\t\t\t\t<a target=\"_self\" href=\"javascript:void(0)\"  style=\"cursor: default;\" class=\"pic_info_link_type4\">\n\t\t\t\t  <div class=\"boc_image_box portfolio_animator_class  \">\n\t\t\t\t\t<div class=\"pic_info type4\">\n\t\t\t\t\t\t<div class=\"pic \"><div class=\"plus_overlay\"><\/div><div class=\"plus_overlay_icon\"><\/div>\n\t\t\t\t\t\t\n\t\t\t\t\t\t<div class=\"img_overlay_icon\"><span class=\"portfolio_icon icon_link\"><\/span><\/div><\/div>\n\t\t\t\t\t\t<div class=\"info_overlay\">\n\t\t\t\t\t\t\t<div class=\"info_overlay_padding\">\n\t\t\t\t\t\t\t\t<div class=\"info_desc\">\n\t\t\t\t\t\t\t\t\t<span class=\"portfolio_icon icon_link\"><\/span>\t\t\t\t\n\t\t\t\t\t\t\t\t\t<h3>PLA<\/h3>\n\t\t\t\t\t\t\t\t\t<p>Le PLA (acide polylactique) est un mat\u00e9riau r\u00e9tractable respectueux de l'environnement dont les caract\u00e9ristiques principales sont: biologique (alternative au Sleeve r\u00e9tractable conventionnel), biod\u00e9gradable, facilit\u00e9 d'impression et de r\u00e9traction, mat\u00e9riau non toxique. <\/p>\n\t\t\t\t\t\t\t\t<\/div>\n\t\t\t\t\t\t\t<\/div>\n\t\t\t\t\t\t<\/div>\n\t\t\t\t\t<\/div>\n\t\t\t\t  <\/div>\n\t\t\t\t<\/a>\n\t\t\t[\/vc_column][\/vc_row][vc_row][vc_column]<div class=\"boc_spacing \" style=\"height: 60px\"><\/div>[\/vc_column][\/vc_row][vc_row][vc_column]<h2 class=\"boc_heading  center  \"  style=\"margin-bottom: 20px;margin-top: 0px;color: #ffffff;font-size: 32px;\"><span><strong>Sleeve<\/strong><\/span><\/h2><div class=\"img_carousel_holder \">\t<div class=\"img_carousel mfp_gallery\" id=\"img_carousel_824\" style=\"opacity:0;\"><div class=\"img_carousel_item boc_owl_lazy\">\t<div class=\"pic \">\n\t\t\t\t\t\t\t\t<a href=\"javascript:void(0)\" class=\"\"  target=\"_self\">\n\t\t\t\t\t\t\t\t\t<img decoding=\"async\" src=\"https:\/\/www.universalsleeve.com\/wp-content\/uploads\/2016\/06\/queessleeve-3.jpg\" alt=\"\" \/>\n\t\t\t\t\t\t\t\t<\/a>\n\t\t\t\t\t\t\t<\/div>\n\t\t\t\t\t\t<\/div><div class=\"img_carousel_item boc_owl_lazy\">\t<div class=\"pic \">\n\t\t\t\t\t\t\t\t<a href=\"javascript:void(0)\" class=\"\"  target=\"_self\">\n\t\t\t\t\t\t\t\t\t<img decoding=\"async\" src=\"https:\/\/www.universalsleeve.com\/wp-content\/uploads\/2016\/06\/queessleeve-2.jpg\" alt=\"\" \/>\n\t\t\t\t\t\t\t\t<\/a>\n\t\t\t\t\t\t\t<\/div>\n\t\t\t\t\t\t<\/div><div class=\"img_carousel_item boc_owl_lazy\">\t<div class=\"pic \">\n\t\t\t\t\t\t\t\t<a href=\"javascript:void(0)\" class=\"\"  target=\"_self\">\n\t\t\t\t\t\t\t\t\t<img decoding=\"async\" src=\"https:\/\/www.universalsleeve.com\/wp-content\/uploads\/2016\/06\/queessleeve-1.jpg\" alt=\"\" \/>\n\t\t\t\t\t\t\t\t<\/a>\n\t\t\t\t\t\t\t<\/div>\n\t\t\t\t\t\t<\/div><div class=\"img_carousel_item boc_owl_lazy\">\t<div class=\"pic \">\n\t\t\t\t\t\t\t\t<a href=\"javascript:void(0)\" class=\"\"  target=\"_self\">\n\t\t\t\t\t\t\t\t\t<img decoding=\"async\" src=\"https:\/\/www.universalsleeve.com\/wp-content\/uploads\/2016\/06\/queessleeve-4.jpg\" alt=\"\" \/>\n\t\t\t\t\t\t\t\t<\/a>\n\t\t\t\t\t\t\t<\/div>\n\t\t\t\t\t\t<\/div><div class=\"img_carousel_item boc_owl_lazy\">\t<div class=\"pic \">\n\t\t\t\t\t\t\t\t<a href=\"javascript:void(0)\" class=\"\"  target=\"_self\">\n\t\t\t\t\t\t\t\t\t<img decoding=\"async\" src=\"https:\/\/www.universalsleeve.com\/wp-content\/uploads\/2016\/06\/queessleeve-5.jpg\" alt=\"\" \/>\n\t\t\t\t\t\t\t\t<\/a>\n\t\t\t\t\t\t\t<\/div>\n\t\t\t\t\t\t<\/div><div class=\"img_carousel_item boc_owl_lazy\">\t<div class=\"pic \">\n\t\t\t\t\t\t\t\t<a href=\"javascript:void(0)\" class=\"\"  target=\"_self\">\n\t\t\t\t\t\t\t\t\t<img decoding=\"async\" src=\"https:\/\/www.universalsleeve.com\/wp-content\/uploads\/2016\/07\/2016T_09171-1.jpg\" alt=\"\" \/>\n\t\t\t\t\t\t\t\t<\/a>\n\t\t\t\t\t\t\t<\/div>\n\t\t\t\t\t\t<\/div><\/div>\n\t\t\t\t <\/div>\n\t\t\t\t\t<!-- Image Slider -->\n\t\t\t\t\t<script type=\"text\/javascript\">\n\n\t\t\t\t\t\tjQuery(document).ready(function($) {\n\t\t\t\t\t\t\t\n\t\t\t\t\t\t\tvar carousel = jQuery(\"#img_carousel_824\");\n\t\t\t\t\t\t\t\n\t\t\t\t\t\t\tvar args = {\n\t\t\t\t\t\t\t\t\titems: \t\t\t\t3,\n\t\t\t\t\t\t\t\t\tslideBy: \t\t\t1,\t\t\t\t\t\t\n\t\t\t\t\t\t\t\t\tautoplay:\t\t\tfalse,\n\t\t\t\t\t\t\t\t\tautoplayTimeout:\t6000,\n\t\t\t\t\t\t\t\t\tnav: \t\t\t\ttrue,\n\t\t\t\t\t\t\t\t\tdots: \t\t\t\tfalse,\n\t\t\t\t\t\t\t\t\tloop: \t\t\t\tfalse,\n\t\t\t\t\t\t\t\t\tsmartSpeed:\t\t\t250,\n\t\t\t\t\t\t\t\t\tnavText:\t\t\t[\"<span class='icon icon-arrow-left7'><\/span>\",\"<span class='icon icon-arrow-right7'><\/span>\"],\n\t\t\t\t\t\t\t\t\tnavRewind: \t\t\tfalse,\n\t\t\t\t\t\t\t\t\trtl : \t\t\t\tfalse,\n\t\t\t\t\t\t\t\t\tmargin: \t\t\t25,\n\t\t\t\t\t\t\t\t\tresponsive:{\n\t\t\t\t\t\t\t\t\t\t0:{\n\t\t\t\t\t\t\t\t\t\t  items:1,\n\t\t\t\t\t\t\t\t\t\t},\n\t\t\t\t\t\t\t\t\t\t480:{\n\t\t\t\t\t\t\t\t\t\t  items:1,\n\t\t\t\t\t\t\t\t\t\t  margin:20,\n\t\t\t\t\t\t\t\t\t\t},\n\t\t\t\t\t\t\t\t\t\t769:{\n\t\t\t\t\t\t\t\t\t\t  items:3\n\t\t\t\t\t\t\t\t\t\t}\n\t\t\t\t\t\t\t\t\t},\n\t\t\t\t\t\t\t\t\tonInitialized: showCarousel_824\n\t\t\t\t\t\t\t};\n\t\t\t\t\t\t\t\n\t\t\t\t\t\t\tcarousel.owlCarousel(args);\n\n\t\t\t\t\t\t\tvar initital_width = carousel.css(\"width\");\t\t\n\t\t\t\t\t\t\t\t\n\t\t\t\t\t\t\t\/* Refresh it for full width rows *\/\n\t\t\t\t\t\t\t$(window).load(function(){\n\t\t\t\t\t\t\t\tif(carousel.css(\"width\") != initital_width) {\n\t\t\t\t\t\t\t\t\tcarousel.trigger(\"destroy.owl.carousel\").removeClass(\"owl-carousel owl-loaded\");\n\t\t\t\t\t\t\t\t\tcarousel.find(\".owl-stage-outer\").children().unwrap();\n\t\t\t\t\t\t\t\t\tcarousel.owlCarousel(args);\n\t\t\t\t\t\t\t\t}\n\t\t\t\t\t\t\t});\n\t\t\t\t\t\t\t\n\t\t\t\t\t\t\t\/* Show once loaded *\/\n\t\t\t\t\t\t\tfunction showCarousel_824() {\n\t\t\t\t\t\t\t\tcarousel.fadeTo(0,1);\n\t\t\t\t\t\t\t\t$(\"#img_carousel_824 .owl-item .boc_owl_lazy\").css(\"opacity\",\"1\");\n\t\t\t\t\t\t\t}\n\t\t\t\t\t\t});\n\t\t\t\t\t\t\n\t\t\t\t\t<\/script>\n\t\t\t\t\t<!-- Image Slider :: END -->[\/vc_column][\/vc_row]<\/p>\n<\/div>","protected":false},"excerpt":{"rendered":"<p>[vc_row][vc_column][vc_single_image image=\u00a0\u00bb24433&Prime;][\/vc_column][\/vc_row][vc_row css=\u00a0\u00bb.vc_custom_1437828371731{margin-bottom: 80px !important;}\u00a0\u00bb][vc_column width=\u00a0\u00bb1\/3&Prime;][\/vc_column][vc_column width=\u00a0\u00bb1\/3&Prime;][\/vc_column][vc_column width=\u00a0\u00bb1\/3&Prime;][\/vc_column][\/vc_row][vc_row][vc_column][\/vc_column][\/vc_row][vc_row full_width=\u00a0\u00bbstretch_row_content_no_spaces\u00a0\u00bb icon_type=\u00a0\u00bbno_icon\u00a0\u00bb icon_size=\u00a0\u00bb32&Prime; icon_style=\u00a0\u00bbnone\u00a0\u00bb icon_color_border=\u00a0\u00bb#333333&Prime; icon_border_size=\u00a0\u00bb1&Prime; icon_border_radius=\u00a0\u00bb500&Prime; icon_border_spacing=\u00a0\u00bb50&Prime; img_width=\u00a0\u00bb48&Prime;][vc_column css=\u00a0\u00bb.vc_custom_1428487726129{padding-top: 100px !important;padding-right: 130px !important;padding-bottom: 100px !important;padding-left: 130px !important;background-color: #253030 !important;}\u00a0\u00bb el_class=\u00a0\u00bbequal_height_column no_side_padding_in_responsive_column white_text center\u00a0\u00bb offset=\u00a0\u00bbvc_col-lg-6 vc_col-md-12 vc_col-xs-12&Prime;][vc_column_text] H\u00e9liogravure: Universal Sleeve dispose d&rsquo;un parque technologique de derni\u00e8re g\u00e9n\u00e9ration qui lui permet de relever tous les d\u00e9fis et satisfaire toutes les exigences du march\u00e9.<\/p>\n<div class=\"h10\"><\/div>\n<p><a class=\"more-link2 flat\" href=\"https:\/\/www.universalsleeve.com\/fr\/que-es-sleeve-roll-feed\/\">Read more<\/a><\/p>\n","protected":false},"author":1,"featured_media":0,"parent":0,"menu_order":0,"comment_status":"closed","ping_status":"closed","template":"","meta":{"footnotes":""},"class_list":["post-24430","page","type-page","status-publish","hentry"],"aioseo_notices":[],"_links":{"self":[{"href":"https:\/\/www.universalsleeve.com\/fr\/wp-json\/wp\/v2\/pages\/24430","targetHints":{"allow":["GET"]}}],"collection":[{"href":"https:\/\/www.universalsleeve.com\/fr\/wp-json\/wp\/v2\/pages"}],"about":[{"href":"https:\/\/www.universalsleeve.com\/fr\/wp-json\/wp\/v2\/types\/page"}],"author":[{"embeddable":true,"href":"https:\/\/www.universalsleeve.com\/fr\/wp-json\/wp\/v2\/users\/1"}],"replies":[{"embeddable":true,"href":"https:\/\/www.universalsleeve.com\/fr\/wp-json\/wp\/v2\/comments?post=24430"}],"version-history":[{"count":2,"href":"https:\/\/www.universalsleeve.com\/fr\/wp-json\/wp\/v2\/pages\/24430\/revisions"}],"predecessor-version":[{"id":25465,"href":"https:\/\/www.universalsleeve.com\/fr\/wp-json\/wp\/v2\/pages\/24430\/revisions\/25465"}],"wp:attachment":[{"href":"https:\/\/www.universalsleeve.com\/fr\/wp-json\/wp\/v2\/media?parent=24430"}],"curies":[{"name":"wp","href":"https:\/\/api.w.org\/{rel}","templated":true}]}}