{"id":23990,"date":"2016-02-08T12:39:22","date_gmt":"2016-02-08T12:39:22","guid":{"rendered":"https:\/\/www.universalsleeve.com\/web\/?page_id=23990"},"modified":"2022-06-02T09:05:13","modified_gmt":"2022-06-02T09:05:13","slug":"materiales-2","status":"publish","type":"page","link":"https:\/\/www.universalsleeve.com\/fr\/materiales-2\/","title":{"rendered":"Materiales"},"content":{"rendered":"<p class=\"qtranxs-available-languages-message qtranxs-available-languages-message-fr\">D\u00e9sol\u00e9, cet article est seulement disponible en <a href=\"https:\/\/www.universalsleeve.com\/es\/wp-json\/wp\/v2\/pages\/23990\" class=\"qtranxs-available-language-link qtranxs-available-language-link-es\" title=\"Espa\u00f1ol\">Espa\u00f1ol<\/a>.<\/p>","protected":false},"excerpt":{"rendered":"<p>D\u00e9sol\u00e9, cet article est seulement disponible en Espa\u00f1ol.<\/p>\n","protected":false},"author":1,"featured_media":0,"parent":0,"menu_order":0,"comment_status":"closed","ping_status":"closed","template":"","meta":{"footnotes":""},"class_list":["post-23990","page","type-page","status-publish","hentry"],"aioseo_notices":[],"_links":{"self":[{"href":"https:\/\/www.universalsleeve.com\/fr\/wp-json\/wp\/v2\/pages\/23990","targetHints":{"allow":["GET"]}}],"collection":[{"href":"https:\/\/www.universalsleeve.com\/fr\/wp-json\/wp\/v2\/pages"}],"about":[{"href":"https:\/\/www.universalsleeve.com\/fr\/wp-json\/wp\/v2\/types\/page"}],"author":[{"embeddable":true,"href":"https:\/\/www.universalsleeve.com\/fr\/wp-json\/wp\/v2\/users\/1"}],"replies":[{"embeddable":true,"href":"https:\/\/www.universalsleeve.com\/fr\/wp-json\/wp\/v2\/comments?post=23990"}],"version-history":[{"count":1,"href":"https:\/\/www.universalsleeve.com\/fr\/wp-json\/wp\/v2\/pages\/23990\/revisions"}],"predecessor-version":[{"id":25563,"href":"https:\/\/www.universalsleeve.com\/fr\/wp-json\/wp\/v2\/pages\/23990\/revisions\/25563"}],"wp:attachment":[{"href":"https:\/\/www.universalsleeve.com\/fr\/wp-json\/wp\/v2\/media?parent=23990"}],"curies":[{"name":"wp","href":"https:\/\/api.w.org\/{rel}","templated":true}]}}