{"id":23980,"date":"2016-02-08T12:26:12","date_gmt":"2016-02-08T12:26:12","guid":{"rendered":"https:\/\/www.universalsleeve.com\/web\/?page_id=23980"},"modified":"2022-06-02T09:03:50","modified_gmt":"2022-06-02T09:03:50","slug":"flexible-packaging","status":"publish","type":"page","link":"https:\/\/www.universalsleeve.com\/fr\/flexible-packaging\/","title":{"rendered":"Flexible Packaging"},"content":{"rendered":"<div class=\"wpb-content-wrapper\"><p>[vc_row full_width=\u00a0\u00bbstretch_row\u00a0\u00bb bg_type=\u00a0\u00bbimage\u00a0\u00bb parallax_style=\u00a0\u00bbvcpb-hz-jquery\u00a0\u00bb bg_image_new=\u00a0\u00bb24419&Prime; bg_override=\u00a0\u00bbex-full\u00a0\u00bb disable_on_mobile_img_parallax=\u00a0\u00bboff\u00a0\u00bb parallax_content=\u00a0\u00bbparallax_content_value\u00a0\u00bb parallax_content_sense=\u00a0\u00bb80&Prime; fadeout_row=\u00a0\u00bboff\u00a0\u00bb enable_overlay=\u00a0\u00bboff\u00a0\u00bb css=\u00a0\u00bb.vc_custom_1464777650431{padding-top: 140px !important;padding-bottom: 110px !important;}\u00a0\u00bb el_class=\u00a0\u00bbcenter\u00a0\u00bb][vc_column]<h2 class=\"boc_heading no_text_transform center  boc_animate_when_almost_visible boc_top-to-bottom\"  style=\"margin-bottom: 20px;margin-top: 0px;color: #ffffff;font-size: 42px;\"><span>FLEXIBLE PACKAGING<\/span><\/h2><div class=\"boc_divider_holder\"><div class=\"boc_divider  boc_animate_when_almost_visible boc_fade-in\"  style=\"margin-top: 0px;margin-bottom: 20px;width: 100px;margin-left: auto; margin-right: auto;height: 1px;background: rgba(255,255,255,0.2);\"><\/div><\/div><h2 class=\"boc_heading  center  boc_subheading boc_animate_when_almost_visible boc_top-to-bottom\"  style=\"margin-bottom: 20px;margin-top: 6px;color: rgba(255,255,255,0.8);font-size: 30px;\"><span>Nous fabriquons des emballages en plastique lamin\u00e9<\/span><\/h2>[\/vc_column][\/vc_row][vc_row full_width=\u00a0\u00bbstretch_row_content_no_spaces\u00a0\u00bb icon_type=\u00a0\u00bbno_icon\u00a0\u00bb icon_size=\u00a0\u00bb32&Prime; icon_style=\u00a0\u00bbnone\u00a0\u00bb icon_color_border=\u00a0\u00bb#333333&Prime; icon_border_size=\u00a0\u00bb1&Prime; icon_border_radius=\u00a0\u00bb500&Prime; icon_border_spacing=\u00a0\u00bb50&Prime; img_width=\u00a0\u00bb48&Prime;][vc_column css=\u00a0\u00bb.vc_custom_1435088866584{padding-top: 70px !important;padding-right: 100px !important;padding-bottom: 70px !important;padding-left: 100px !important;background-image: url(http:\/\/www.infomeik.eu\/furgocar1\/wp-content\/uploads\/2014\/11\/dude_tablet.jpg?id=22053) !important;background-position: center !important;background-repeat: no-repeat !important;background-size: cover !important;}\u00a0\u00bb offset=\u00a0\u00bbvc_hidden-md vc_hidden-sm vc_hidden-xs\u00a0\u00bb el_class=\u00a0\u00bbequal_height_column\u00a0\u00bb][vc_column_text]Les emballages souples Flex Pack de Universal Sleeve repr\u00e9sentent la solution d\u00e9finitive au besoin d&#8217;emballage en plastique lamin\u00e9 pour une grande diversit\u00e9 de produits, formats et dimensions.<\/p>\n<p>Les sacs Stand Up (ou Doypack) peuvent \u00eatre fabriqu\u00e9s avec diff\u00e9rents accessoires et de multiples structures selon les besoins.<\/p>\n<p>Nous pouvons laminer des duplex complexes, des triplex ou des structures sp\u00e9ciales pour des applications concr\u00e8tes. Nous travaillons avec tous les mat\u00e9riaux habituels (polyester, aluminium, poly\u00e9thyl\u00e8ne, polyamide, etc.) et des \u00e9paisseurs sup\u00e9rieures \u00e0 350 microns.<\/p>\n<p>Les sacs Doypack peuvent incorporer une fermeture zip pour faciliter l&rsquo;ouverture et la fermeture de l&#8217;emballage, maintenant le produit en parfait \u00e9tat de conservation et offrant la commodit\u00e9 au consommateur. Il existe \u00e9galement la possibilit\u00e9 d&rsquo;introduire une valve de d\u00e9gazage pour la conservation optimale du produit.<\/p>\n<p>Consultez nos experts qui vous conseilleront et vous aideront \u00e0 trouver une solution qui mette en valeur votre dessin.[\/vc_column_text][\/vc_column][\/vc_row][vc_row][vc_column]<h2 class=\"boc_heading  center  \"  style=\"margin-bottom: 20px;margin-top: 0px;color: #ffffff;font-size: 32px;\"><span><strong>Examples d&#8217;emballages FLEXIBLE PACKAGING<\/strong><\/span><\/h2><div class=\"img_carousel_holder \">\t<div class=\"img_carousel mfp_gallery\" id=\"img_carousel_7971\" style=\"opacity:0;\"><div class=\"img_carousel_item boc_owl_lazy\">\t<div class=\"pic \">\n\t\t\t\t\t\t\t\t<a href=\"javascript:void(0)\" class=\"\"  target=\"_self\">\n\t\t\t\t\t\t\t\t\t<img decoding=\"async\" src=\"https:\/\/www.universalsleeve.com\/wp-content\/uploads\/2016\/02\/FLEXIBLE-PACKAGING-1.jpg\" alt=\"\" \/>\n\t\t\t\t\t\t\t\t<\/a>\n\t\t\t\t\t\t\t<\/div>\n\t\t\t\t\t\t<\/div><div class=\"img_carousel_item boc_owl_lazy\">\t<div class=\"pic \">\n\t\t\t\t\t\t\t\t<a href=\"javascript:void(0)\" class=\"\"  target=\"_self\">\n\t\t\t\t\t\t\t\t\t<img decoding=\"async\" src=\"https:\/\/www.universalsleeve.com\/wp-content\/uploads\/2016\/02\/FLEXIBLE-PACKAGING-2.jpg\" alt=\"\" \/>\n\t\t\t\t\t\t\t\t<\/a>\n\t\t\t\t\t\t\t<\/div>\n\t\t\t\t\t\t<\/div><div class=\"img_carousel_item boc_owl_lazy\">\t<div class=\"pic \">\n\t\t\t\t\t\t\t\t<a href=\"javascript:void(0)\" class=\"\"  target=\"_self\">\n\t\t\t\t\t\t\t\t\t<img decoding=\"async\" src=\"https:\/\/www.universalsleeve.com\/wp-content\/uploads\/2016\/02\/FLEXIBLE-PACKAGING-3.jpg\" alt=\"\" \/>\n\t\t\t\t\t\t\t\t<\/a>\n\t\t\t\t\t\t\t<\/div>\n\t\t\t\t\t\t<\/div><div class=\"img_carousel_item boc_owl_lazy\">\t<div class=\"pic \">\n\t\t\t\t\t\t\t\t<a href=\"javascript:void(0)\" class=\"\"  target=\"_self\">\n\t\t\t\t\t\t\t\t\t<img decoding=\"async\" src=\"https:\/\/www.universalsleeve.com\/wp-content\/uploads\/2016\/02\/FLEXIBLE-PACKAGING-5.jpg\" alt=\"\" \/>\n\t\t\t\t\t\t\t\t<\/a>\n\t\t\t\t\t\t\t<\/div>\n\t\t\t\t\t\t<\/div><div class=\"img_carousel_item boc_owl_lazy\">\t<div class=\"pic \">\n\t\t\t\t\t\t\t\t<a href=\"javascript:void(0)\" class=\"\"  target=\"_self\">\n\t\t\t\t\t\t\t\t\t<img decoding=\"async\" src=\"https:\/\/www.universalsleeve.com\/wp-content\/uploads\/2016\/02\/FLEXIBLE-PACKAGING-4.jpg\" alt=\"\" \/>\n\t\t\t\t\t\t\t\t<\/a>\n\t\t\t\t\t\t\t<\/div>\n\t\t\t\t\t\t<\/div><\/div>\n\t\t\t\t <\/div>\n\t\t\t\t\t<!-- Image Slider -->\n\t\t\t\t\t<script type=\"text\/javascript\">\n\n\t\t\t\t\t\tjQuery(document).ready(function($) {\n\t\t\t\t\t\t\t\n\t\t\t\t\t\t\tvar carousel = jQuery(\"#img_carousel_7971\");\n\t\t\t\t\t\t\t\n\t\t\t\t\t\t\tvar args = {\n\t\t\t\t\t\t\t\t\titems: \t\t\t\t3,\n\t\t\t\t\t\t\t\t\tslideBy: \t\t\t1,\t\t\t\t\t\t\n\t\t\t\t\t\t\t\t\tautoplay:\t\t\tfalse,\n\t\t\t\t\t\t\t\t\tautoplayTimeout:\t6000,\n\t\t\t\t\t\t\t\t\tnav: \t\t\t\ttrue,\n\t\t\t\t\t\t\t\t\tdots: \t\t\t\tfalse,\n\t\t\t\t\t\t\t\t\tloop: \t\t\t\tfalse,\n\t\t\t\t\t\t\t\t\tsmartSpeed:\t\t\t250,\n\t\t\t\t\t\t\t\t\tnavText:\t\t\t[\"<span class='icon icon-arrow-left7'><\/span>\",\"<span class='icon icon-arrow-right7'><\/span>\"],\n\t\t\t\t\t\t\t\t\tnavRewind: \t\t\tfalse,\n\t\t\t\t\t\t\t\t\trtl : \t\t\t\tfalse,\n\t\t\t\t\t\t\t\t\tmargin: \t\t\t25,\n\t\t\t\t\t\t\t\t\tresponsive:{\n\t\t\t\t\t\t\t\t\t\t0:{\n\t\t\t\t\t\t\t\t\t\t  items:1,\n\t\t\t\t\t\t\t\t\t\t},\n\t\t\t\t\t\t\t\t\t\t480:{\n\t\t\t\t\t\t\t\t\t\t  items:1,\n\t\t\t\t\t\t\t\t\t\t  margin:20,\n\t\t\t\t\t\t\t\t\t\t},\n\t\t\t\t\t\t\t\t\t\t769:{\n\t\t\t\t\t\t\t\t\t\t  items:3\n\t\t\t\t\t\t\t\t\t\t}\n\t\t\t\t\t\t\t\t\t},\n\t\t\t\t\t\t\t\t\tonInitialized: showCarousel_7971\n\t\t\t\t\t\t\t};\n\t\t\t\t\t\t\t\n\t\t\t\t\t\t\tcarousel.owlCarousel(args);\n\n\t\t\t\t\t\t\tvar initital_width = carousel.css(\"width\");\t\t\n\t\t\t\t\t\t\t\t\n\t\t\t\t\t\t\t\/* Refresh it for full width rows *\/\n\t\t\t\t\t\t\t$(window).load(function(){\n\t\t\t\t\t\t\t\tif(carousel.css(\"width\") != initital_width) {\n\t\t\t\t\t\t\t\t\tcarousel.trigger(\"destroy.owl.carousel\").removeClass(\"owl-carousel owl-loaded\");\n\t\t\t\t\t\t\t\t\tcarousel.find(\".owl-stage-outer\").children().unwrap();\n\t\t\t\t\t\t\t\t\tcarousel.owlCarousel(args);\n\t\t\t\t\t\t\t\t}\n\t\t\t\t\t\t\t});\n\t\t\t\t\t\t\t\n\t\t\t\t\t\t\t\/* Show once loaded *\/\n\t\t\t\t\t\t\tfunction showCarousel_7971() {\n\t\t\t\t\t\t\t\tcarousel.fadeTo(0,1);\n\t\t\t\t\t\t\t\t$(\"#img_carousel_7971 .owl-item .boc_owl_lazy\").css(\"opacity\",\"1\");\n\t\t\t\t\t\t\t}\n\t\t\t\t\t\t});\n\t\t\t\t\t\t\n\t\t\t\t\t<\/script>\n\t\t\t\t\t<!-- Image Slider :: END -->[\/vc_column][\/vc_row][vc_row full_width=\u00a0\u00bbstretch_row\u00a0\u00bb bg_type=\u00a0\u00bbimage\u00a0\u00bb parallax_style=\u00a0\u00bbvcpb-vz-jquery\u00a0\u00bb bg_image_new=\u00a0\u00bb24534&Prime; disable_on_mobile_img_parallax=\u00a0\u00bboff\u00a0\u00bb parallax_content=\u00a0\u00bbparallax_content_value\u00a0\u00bb parallax_content_sense=\u00a0\u00bb70&Prime; fadeout_row=\u00a0\u00bbfadeout_row_value\u00a0\u00bb fadeout_start_effect=\u00a0\u00bb50&Prime; enable_overlay=\u00a0\u00bbenable_overlay_value\u00a0\u00bb overlay_color=\u00a0\u00bbrgba(3,8,8,0.2)\u00a0\u00bb seperator_enable=\u00a0\u00bboff\u00a0\u00bb css=\u00a0\u00bb.vc_custom_1466412625735{margin-bottom: 0px !important;padding-top: 254px !important;padding-bottom: 230px !important;}\u00a0\u00bb][vc_column][\/vc_column][\/vc_row]<\/p>\n<\/div>","protected":false},"excerpt":{"rendered":"<p>[vc_row full_width=\u00a0\u00bbstretch_row\u00a0\u00bb bg_type=\u00a0\u00bbimage\u00a0\u00bb parallax_style=\u00a0\u00bbvcpb-hz-jquery\u00a0\u00bb bg_image_new=\u00a0\u00bb24419&Prime; bg_override=\u00a0\u00bbex-full\u00a0\u00bb disable_on_mobile_img_parallax=\u00a0\u00bboff\u00a0\u00bb parallax_content=\u00a0\u00bbparallax_content_value\u00a0\u00bb parallax_content_sense=\u00a0\u00bb80&Prime; fadeout_row=\u00a0\u00bboff\u00a0\u00bb enable_overlay=\u00a0\u00bboff\u00a0\u00bb css=\u00a0\u00bb.vc_custom_1464777650431{padding-top: 140px !important;padding-bottom: 110px !important;}\u00a0\u00bb el_class=\u00a0\u00bbcenter\u00a0\u00bb][vc_column][\/vc_column][\/vc_row][vc_row full_width=\u00a0\u00bbstretch_row_content_no_spaces\u00a0\u00bb icon_type=\u00a0\u00bbno_icon\u00a0\u00bb icon_size=\u00a0\u00bb32&Prime; icon_style=\u00a0\u00bbnone\u00a0\u00bb icon_color_border=\u00a0\u00bb#333333&Prime; icon_border_size=\u00a0\u00bb1&Prime; icon_border_radius=\u00a0\u00bb500&Prime; icon_border_spacing=\u00a0\u00bb50&Prime; img_width=\u00a0\u00bb48&Prime;][vc_column css=\u00a0\u00bb.vc_custom_1435088866584{padding-top: 70px !important;padding-right: 100px !important;padding-bottom: 70px !important;padding-left: 100px !important;background-image: url(http:\/\/www.infomeik.eu\/furgocar1\/wp-content\/uploads\/2014\/11\/dude_tablet.jpg?id=22053) !important;background-position: center !important;background-repeat: no-repeat !important;background-size: cover !important;}\u00a0\u00bb offset=\u00a0\u00bbvc_hidden-md vc_hidden-sm vc_hidden-xs\u00a0\u00bb el_class=\u00a0\u00bbequal_height_column\u00a0\u00bb][vc_column_text]Les emballages souples Flex Pack de Universal Sleeve repr\u00e9sentent la solution d\u00e9finitive au besoin<\/p>\n<div class=\"h10\"><\/div>\n<p><a class=\"more-link2 flat\" href=\"https:\/\/www.universalsleeve.com\/fr\/flexible-packaging\/\">Read more<\/a><\/p>\n","protected":false},"author":1,"featured_media":0,"parent":0,"menu_order":0,"comment_status":"closed","ping_status":"closed","template":"","meta":{"footnotes":""},"class_list":["post-23980","page","type-page","status-publish","hentry"],"aioseo_notices":[],"_links":{"self":[{"href":"https:\/\/www.universalsleeve.com\/fr\/wp-json\/wp\/v2\/pages\/23980","targetHints":{"allow":["GET"]}}],"collection":[{"href":"https:\/\/www.universalsleeve.com\/fr\/wp-json\/wp\/v2\/pages"}],"about":[{"href":"https:\/\/www.universalsleeve.com\/fr\/wp-json\/wp\/v2\/types\/page"}],"author":[{"embeddable":true,"href":"https:\/\/www.universalsleeve.com\/fr\/wp-json\/wp\/v2\/users\/1"}],"replies":[{"embeddable":true,"href":"https:\/\/www.universalsleeve.com\/fr\/wp-json\/wp\/v2\/comments?post=23980"}],"version-history":[{"count":1,"href":"https:\/\/www.universalsleeve.com\/fr\/wp-json\/wp\/v2\/pages\/23980\/revisions"}],"predecessor-version":[{"id":25560,"href":"https:\/\/www.universalsleeve.com\/fr\/wp-json\/wp\/v2\/pages\/23980\/revisions\/25560"}],"wp:attachment":[{"href":"https:\/\/www.universalsleeve.com\/fr\/wp-json\/wp\/v2\/media?parent=23980"}],"curies":[{"name":"wp","href":"https:\/\/api.w.org\/{rel}","templated":true}]}}