{"id":21314,"date":"2015-02-26T13:20:22","date_gmt":"2015-02-26T13:20:22","guid":{"rendered":"http:\/\/blueowlcreative.com\/wp\/fortuna_export\/?page_id=21314"},"modified":"2023-10-27T14:17:17","modified_gmt":"2023-10-27T14:17:17","slug":"contacto-universal-sleeve-barcelona","status":"publish","type":"page","link":"https:\/\/www.universalsleeve.com\/fr\/contacto-universal-sleeve-barcelona\/","title":{"rendered":"Contacto"},"content":{"rendered":"<div class=\"wpb-content-wrapper\"><p>[vc_row full_width=\u00a0\u00bbstretch_row\u00a0\u00bb bg_type=\u00a0\u00bbimage\u00a0\u00bb bg_image_new=\u00a0\u00bb24269&Prime; enable_overlay=\u00a0\u00bbenable_overlay_value\u00a0\u00bb overlay_color=\u00a0\u00bb#000000&Prime; overlay_pattern=\u00a0\u00bb01.png\u00a0\u00bb overlay_pattern_opacity=\u00a0\u00bb50&Prime; css=\u00a0\u00bb.vc_custom_1604394380041{padding-top: 100px !important;padding-bottom: 100px !important;}\u00a0\u00bb][vc_column]<h2 class=\"boc_heading  center  \"  style=\"color: #ffffff;font-size: 35px;\"><span>Vous souhaitez en savoir plus sur notre produit ?<\/span><\/h2>[\/vc_column][\/vc_row][vc_row][vc_column width=\u00a0\u00bb1\/2&Prime;]<h4 class=\"boc_heading  al_left  bgr_dotted  \"  style=\"margin-bottom: 20px;margin-top: 0px;color: #333333;\"><span>COORDONN\u00c9ES<\/span><\/h4><div class=\"boc_list_item  \" >\n\t\t\t\t\t<span class=\"li_icon normal \" style=\"\"><i class=\"icon icon-mobile3\" style=\"\"><\/i><\/span>\n\t\t\t\t\t<div class=\"boc_list_item_text normal\">(+34) 938 449 812 \/ (+34) 690 82 54 90 &#8211; Fax. (+34) 938 449 813<\/p>\n<div id=\"mouseposition-extension-element-full-container\" style=\"position: fixed; top: 0px; left: 0px; right: 0px; bottom: 0px; pointer-events: none; z-index: 2147483647; font-weight: 400;\">\n<div id=\"mouseposition-extension-element-rect-display\" style=\"display: none; position: absolute; background: rgba(255, 255, 255, 0.7); outline: black solid 1px; font-size: 12px; z-index: 2147483647; justify-content: center; align-items: center; user-select: none; cursor: default; color: #000000; font-family: 'Helvetica Neue', Helvetica, Arial, sans-serif; width: 0px; height: 0px;\">\n<pre style=\"flex: 1 1 0%; text-align: center; background-color: rgba(255, 255, 255, 0.7); color: #000000; min-width: 42px; min-height: 12px; transition: all 1s ease 0s;\"><\/pre>\n<p>&nbsp;<\/p>\n<\/div>\n<p>&nbsp;<\/p>\n<pre id=\"mouseposition-extension-element-coordinate-display\" style=\"position: absolute; display: none; background: #ffffff; font-size: 12px; line-height: 14px; border-radius: 3px; border-width: 1px; border-color: #222222 black #333333; border-style: solid; padding: 3px; z-index: 2147483647; color: #222222; user-select: none; cursor: default; font-family: 'Helvetica Neue', Helvetica, Arial, sans-serif;\"><\/pre>\n<\/div>\n<p><\/div>\n\t\t\t\t   <\/div><div class=\"boc_list_item  \" >\n\t\t\t\t\t<span class=\"li_icon normal \" style=\"\"><i class=\"icon icon-mail2\" style=\"\"><\/i><\/span>\n\t\t\t\t\t<div class=\"boc_list_item_text normal\">info@universalsleeve.com<\/p>\n<div id=\"mouseposition-extension-element-full-container\" style=\"position: fixed; top: 0px; left: 0px; right: 0px; bottom: 0px; pointer-events: none; z-index: 2147483647; font-weight: 400;\">\n<div id=\"mouseposition-extension-element-rect-display\" style=\"display: none; position: absolute; background: rgba(255, 255, 255, 0.7); outline: black solid 1px; font-size: 12px; z-index: 2147483647; justify-content: center; align-items: center; user-select: none; cursor: default; color: #000000; font-family: 'Helvetica Neue', Helvetica, Arial, sans-serif; width: 0px; height: 0px;\">\n<pre style=\"flex: 1 1 0%; text-align: center; background-color: rgba(255, 255, 255, 0.7); color: #000000; min-width: 42px; min-height: 12px; transition: all 1s ease 0s;\"><\/pre>\n<p>&nbsp;<\/p>\n<\/div>\n<p>&nbsp;<\/p>\n<pre id=\"mouseposition-extension-element-coordinate-display\" style=\"position: absolute; display: none; background: #ffffff; font-size: 12px; line-height: 14px; border-radius: 3px; border-width: 1px; border-color: #222222 black #333333; border-style: solid; padding: 3px; z-index: 2147483647; color: #222222; user-select: none; cursor: default; font-family: 'Helvetica Neue', Helvetica, Arial, sans-serif;\"><\/pre>\n<\/div>\n<p><\/div>\n\t\t\t\t   <\/div><div class=\"boc_list_item  \" >\n\t\t\t\t\t<span class=\"li_icon normal \" style=\"\"><i class=\"icon icon-location2\" style=\"\"><\/i><\/span>\n\t\t\t\t\t<div class=\"boc_list_item_text normal\">Carrer d\u00b4Isaac Peral 2, 08430 La Roca del Vall\u00e8s, Barcelona<\/div>\n\t\t\t\t   <\/div><div class=\"boc_spacing \" style=\"height: 20px\"><\/div><div class=\"boc_spacing \" style=\"height: 30px\"><\/div>[vc_column_text]Chez Universal Sleeve, nous savons que tous les d\u00e9tails ont leur importance.<\/p>\n<p>Du premier contact avec le client jusqu\u2019\u00e0 l\u2019exp\u00e9dition de la commande.<\/p>\n<p>Chaque client, chaque commande, chaque r\u00e9f\u00e9rence, chaque d\u00e9tail est trait\u00e9 avec l\u2019importance et le soin qu\u2019exige notre politique en mati\u00e8re d\u2019attention et de service \u00e0 la client\u00e8le.<\/p>\n<p>Flexibilit\u00e9 dans la production, conseil personnalis\u00e9, capacit\u00e9 d\u2019adaptation et une communication claire et transparente d\u00e9finissent notre service.<\/p>\n<p class=\"p2\">Nous comprenons que le march\u00e9 final de nos clients est rigoureux et exigeant, et nous en tenons compte dans nos processus, ce qui nous permet de vous proposer des d\u00e9lais tr\u00e8s courts et un contr\u00f4le absolu de la qualit\u00e9 de nos produits.<\/p>\n<p>[\/vc_column_text][\/vc_column][vc_column width=\u00a0\u00bb1\/2&Prime;]<h4 class=\"boc_heading  al_left  bgr_dotted  \"  style=\"margin-bottom: 20px;margin-top: 0px;color: #333333;\"><span>O\u00d9 SOMMES-NOUS<\/span><\/h4><div class=\"boc_spacing \" style=\"height: 30px\"><\/div>[vc_gmaps link=\u00a0\u00bb#E-8_JTNDaWZyYW1lJTIwc3JjJTNEJTIyaHR0cHMlM0ElMkYlMkZ3d3cuZ29vZ2xlLmNvbSUyRm1hcHMlMkZlbWJlZCUzRnBiJTNEJTIxMW0xOCUyMTFtMTIlMjExbTMlMjExZDE5NjguMTA3ODcwMDE3NTk3NCUyMTJkMi4zNTM4MDU1NTk5ODcwMzk4JTIxM2Q0MS42MTA0ODE2MzkzODcyNDUlMjEybTMlMjExZjAlMjEyZjAlMjEzZjAlMjEzbTIlMjExaTEwMjQlMjEyaTc2OCUyMTRmMTMuMSUyMTNtMyUyMTFtMiUyMTFzMHgxMmE0YzlhNDQwMTE2ZWI1JTI1M0EweDU0NDQ5Y2E2MTcwMjUyN2IlMjEyc0NhcnJlciUyNTIwZCUyNiUyMzM5JTNCSXNhYWMlMjUyMFBlcmFsJTI1MkMlMjUyMDIlMjUyQyUyNTIwMDg0MzAlMjUyMExhJTI1MjBSb2NhJTI1MjBkZWwlMjUyMFZhbGwlMjVDMyUyNUE4cyUyNTJDJTI1MjBCYXJjZWxvbmElMjE1ZTAlMjEzbTIlMjExc2VuJTIxMnNlcyUyMTR2MTY4Nzc1OTMxMDYyMiUyMTVtMiUyMTFzZW4lMjEyc2VzJTIyJTIwd2lkdGglM0QlMjI2MDAlMjIlMjBoZWlnaHQlM0QlMjI0NzAlMjIlMjBzdHlsZSUzRCUyMmJvcmRlciUzQTAlM0IlMjIlMjBhbGxvd2Z1bGxzY3JlZW4lM0QlMjIlMjIlMjBsb2FkaW5nJTNEJTIybGF6eSUyMiUyMHJlZmVycmVycG9saWN5JTNEJTIybm8tcmVmZXJyZXItd2hlbi1kb3duZ3JhZGUlMjIlM0UlM0MlMkZpZnJhbWUlM0U=\u00a0\u00bb][\/vc_column][\/vc_row][vc_row][vc_column css=\u00a0\u00bb.vc_custom_1573042695691{margin-top: 20px !important;border-top-width: 1px !important;border-right-width: 1px !important;border-bottom-width: 1px !important;border-left-width: 1px !important;padding-top: 30px !important;padding-right: 30px !important;padding-bottom: 30px !important;padding-left: 30px !important;border-left-style: solid !important;border-right-style: solid !important;border-top-style: solid !important;border-bottom-style: solid !important;}\u00a0\u00bb]<h3 class=\"boc_heading  al_left  bgr_dotted  \"  style=\"margin-bottom: 20px;margin-top: 0px;color: #333333;\"><span>Envoyez-nous votre demande<\/span><\/h3><div class=\"boc_divider_holder\"><div class=\"boc_divider  \"  style=\"margin-top: 20px;margin-bottom: 20px;height: 1px;background: #eeeeee;\"><\/div><\/div><div class=\"boc_spacing \" style=\"height: 20px\"><\/div>\n<div class=\"wpcf7 no-js\" id=\"wpcf7-f25419-o3\" lang=\"en-US\" dir=\"ltr\" data-wpcf7-id=\"25419\">\n<div class=\"screen-reader-response\"><p role=\"status\" aria-live=\"polite\" aria-atomic=\"true\"><\/p> <ul><\/ul><\/div>\n<form action=\"\/fr\/wp-json\/wp\/v2\/pages\/21314#wpcf7-f25419-o3\" method=\"post\" class=\"wpcf7-form init wpcf7-acceptance-as-validation\" aria-label=\"Contact form\" novalidate=\"novalidate\" data-status=\"init\">\n<fieldset class=\"hidden-fields-container\"><input type=\"hidden\" name=\"_wpcf7\" value=\"25419\" \/><input type=\"hidden\" name=\"_wpcf7_version\" value=\"6.1.3\" \/><input type=\"hidden\" name=\"_wpcf7_locale\" value=\"en_US\" \/><input type=\"hidden\" name=\"_wpcf7_unit_tag\" value=\"wpcf7-f25419-o3\" \/><input type=\"hidden\" name=\"_wpcf7_container_post\" value=\"0\" \/><input type=\"hidden\" name=\"_wpcf7_posted_data_hash\" value=\"\" \/><input type=\"hidden\" name=\"_wpcf7_recaptcha_response\" value=\"\" \/>\n<\/fieldset>\n<p><span class=\"wpcf7-form-control-wrap\" data-name=\"name-1\"><input size=\"40\" maxlength=\"400\" class=\"wpcf7-form-control wpcf7-text wpcf7-validates-as-required\" aria-required=\"true\" aria-invalid=\"false\" placeholder=\"Nom et pr\u00e9nom *\" value=\"\" type=\"text\" name=\"name-1\" \/><\/span>\n<\/p>\n<p><span class=\"wpcf7-form-control-wrap\" data-name=\"email\"><input size=\"40\" maxlength=\"400\" class=\"wpcf7-form-control wpcf7-email wpcf7-validates-as-required wpcf7-text wpcf7-validates-as-email\" aria-required=\"true\" aria-invalid=\"false\" placeholder=\"E-mail *\" value=\"\" type=\"email\" name=\"email\" \/><\/span>\n<\/p>\n<p><span class=\"wpcf7-form-control-wrap\" data-name=\"subject\"><input size=\"40\" maxlength=\"400\" class=\"wpcf7-form-control wpcf7-text\" aria-invalid=\"false\" placeholder=\"Sujet *\" value=\"\" type=\"text\" name=\"subject\" \/><\/span>\n<\/p>\n<p><span class=\"wpcf7-form-control-wrap\" data-name=\"message\"><textarea cols=\"40\" rows=\"5\" maxlength=\"2000\" class=\"wpcf7-form-control wpcf7-textarea\" aria-invalid=\"false\" placeholder=\"Message *\" name=\"message\"><\/textarea><\/span>\n<\/p>\n<p><span class=\"wpcf7-form-control-wrap\" data-name=\"acceptance-502\"><span class=\"wpcf7-form-control wpcf7-acceptance\"><span class=\"wpcf7-list-item\"><input type=\"checkbox\" name=\"acceptance-502\" value=\"1\" aria-invalid=\"false\" \/><\/span><\/span><\/span> J'accepte la <a href=\"https:\/\/www.universalsleeve.com\/politica-de-privacidad\/\" target=\"_blank\">Politique de Confidentialit\u00e9*<\/a>\n<\/p>\n<p><span class=\"wpcf7-form-control-wrap\" data-name=\"acceptance-502\"><span class=\"wpcf7-form-control wpcf7-acceptance\"><span class=\"wpcf7-list-item\"><input type=\"checkbox\" name=\"acceptance-502\" value=\"1\" aria-invalid=\"false\" \/><\/span><\/span><\/span> J'accepte de recevoir des publicit\u00e9s et des promotions de <strong>Universal Sleeve S.L*<\/strong>.\n<\/p>\n<div class=\"h10\">\n<\/div>\n<p><input class=\"wpcf7-form-control wpcf7-submit has-spinner btn_theme_color btn_rounded\" type=\"submit\" value=\"Envoyer\" \/>\n<\/p><div class=\"wpcf7-response-output\" aria-hidden=\"true\"><\/div>\n<\/form>\n<\/div>\n<div class=\"boc_spacing \" style=\"height: 10px\"><\/div>[\/vc_column][\/vc_row]<\/p>\n<\/div>","protected":false},"excerpt":{"rendered":"<p>[vc_row full_width=\u00a0\u00bbstretch_row\u00a0\u00bb bg_type=\u00a0\u00bbimage\u00a0\u00bb bg_image_new=\u00a0\u00bb24269&Prime; enable_overlay=\u00a0\u00bbenable_overlay_value\u00a0\u00bb overlay_color=\u00a0\u00bb#000000&Prime; overlay_pattern=\u00a0\u00bb01.png\u00a0\u00bb overlay_pattern_opacity=\u00a0\u00bb50&Prime; css=\u00a0\u00bb.vc_custom_1604394380041{padding-top: 100px !important;padding-bottom: 100px !important;}\u00a0\u00bb][vc_column][\/vc_column][\/vc_row][vc_row][vc_column width=\u00a0\u00bb1\/2&Prime;][vc_column_text]Chez Universal Sleeve, nous savons que tous les d\u00e9tails ont leur importance. Du premier contact avec le client jusqu\u2019\u00e0 l\u2019exp\u00e9dition de la commande. Chaque client, chaque commande, chaque r\u00e9f\u00e9rence, chaque d\u00e9tail est trait\u00e9 avec l\u2019importance et le soin qu\u2019exige notre politique en mati\u00e8re d\u2019attention et de service<\/p>\n<div class=\"h10\"><\/div>\n<p><a class=\"more-link2 flat\" href=\"https:\/\/www.universalsleeve.com\/fr\/contacto-universal-sleeve-barcelona\/\">Read more<\/a><\/p>\n","protected":false},"author":1,"featured_media":0,"parent":0,"menu_order":0,"comment_status":"closed","ping_status":"closed","template":"","meta":{"footnotes":""},"class_list":["post-21314","page","type-page","status-publish","hentry"],"aioseo_notices":[],"_links":{"self":[{"href":"https:\/\/www.universalsleeve.com\/fr\/wp-json\/wp\/v2\/pages\/21314","targetHints":{"allow":["GET"]}}],"collection":[{"href":"https:\/\/www.universalsleeve.com\/fr\/wp-json\/wp\/v2\/pages"}],"about":[{"href":"https:\/\/www.universalsleeve.com\/fr\/wp-json\/wp\/v2\/types\/page"}],"author":[{"embeddable":true,"href":"https:\/\/www.universalsleeve.com\/fr\/wp-json\/wp\/v2\/users\/1"}],"replies":[{"embeddable":true,"href":"https:\/\/www.universalsleeve.com\/fr\/wp-json\/wp\/v2\/comments?post=21314"}],"version-history":[{"count":18,"href":"https:\/\/www.universalsleeve.com\/fr\/wp-json\/wp\/v2\/pages\/21314\/revisions"}],"predecessor-version":[{"id":25641,"href":"https:\/\/www.universalsleeve.com\/fr\/wp-json\/wp\/v2\/pages\/21314\/revisions\/25641"}],"wp:attachment":[{"href":"https:\/\/www.universalsleeve.com\/fr\/wp-json\/wp\/v2\/media?parent=21314"}],"curies":[{"name":"wp","href":"https:\/\/api.w.org\/{rel}","templated":true}]}}